{"id":3720,"date":"2022-10-17T15:06:17","date_gmt":"2022-10-17T13:06:17","guid":{"rendered":"https:\/\/gemeinde-auf-augenhoehe.de\/projets-pratiques\/"},"modified":"2022-10-17T15:13:54","modified_gmt":"2022-10-17T13:13:54","slug":"projets-pratiques","status":"publish","type":"page","link":"https:\/\/gemeinde-auf-augenhoehe.de\/fr\/projets-pratiques\/","title":{"rendered":"Projets pratiques"},"content":{"rendered":"\t\t<div data-elementor-type=\"wp-page\" data-elementor-id=\"3720\" class=\"elementor elementor-3720\" data-elementor-post-type=\"page\">\n\t\t\t\t\t\t<section class=\"elementor-section elementor-top-section elementor-element elementor-element-3d81c968 elementor-section-boxed elementor-section-height-default elementor-section-height-default\" data-id=\"3d81c968\" data-element_type=\"section\" data-e-type=\"section\">\n\t\t\t\t\t\t<div class=\"elementor-container elementor-column-gap-default\">\n\t\t\t\t\t<div class=\"elementor-column elementor-col-100 elementor-top-column elementor-element elementor-element-363449ef\" data-id=\"363449ef\" data-element_type=\"column\" data-e-type=\"column\">\n\t\t\t<div class=\"elementor-widget-wrap elementor-element-populated\">\n\t\t\t\t\t\t<section class=\"elementor-section elementor-inner-section elementor-element elementor-element-34d6adb elementor-section-boxed elementor-section-height-default elementor-section-height-default\" data-id=\"34d6adb\" data-element_type=\"section\" data-e-type=\"section\" data-settings=\"{&quot;background_background&quot;:&quot;classic&quot;}\">\n\t\t\t\t\t\t<div class=\"elementor-container elementor-column-gap-default\">\n\t\t\t\t\t<div class=\"elementor-column elementor-col-100 elementor-inner-column elementor-element elementor-element-4f999c0\" data-id=\"4f999c0\" data-element_type=\"column\" data-e-type=\"column\">\n\t\t\t<div class=\"elementor-widget-wrap elementor-element-populated\">\n\t\t\t\t\t\t<div class=\"elementor-element elementor-element-838ff27 elementor-widget elementor-widget-spacer\" data-id=\"838ff27\" data-element_type=\"widget\" data-e-type=\"widget\" data-widget_type=\"spacer.default\">\n\t\t\t\t<div class=\"elementor-widget-container\">\n\t\t\t\t\t\t\t<div class=\"elementor-spacer\">\n\t\t\t<div class=\"elementor-spacer-inner\"><\/div>\n\t\t<\/div>\n\t\t\t\t\t\t<\/div>\n\t\t\t\t<\/div>\n\t\t\t\t\t<\/div>\n\t\t<\/div>\n\t\t\t\t\t<\/div>\n\t\t<\/section>\n\t\t\t\t<div class=\"elementor-element elementor-element-2d98cf1 elementor-widget elementor-widget-text-editor\" data-id=\"2d98cf1\" data-element_type=\"widget\" data-e-type=\"widget\" data-widget_type=\"text-editor.default\">\n\t\t\t\t<div class=\"elementor-widget-container\">\n\t\t\t\t\t\t\t\t\t<p>Nous sommes convaincus qu\u2019une \u00ab\u00a0Communaut\u00e9 d\u2019\u00e9gal \u00e0 \u00e9gal\u00a0\u00bb n\u00e9cessite des gens de profonde conviction, mais aussi des connaissances du sujet, des comp\u00e9tences et du courage.<\/p>\n\t\t\t\t\t\t\t\t<\/div>\n\t\t\t\t<\/div>\n\t\t\t\t<div class=\"elementor-element elementor-element-575928d elementor-widget elementor-widget-spacer\" data-id=\"575928d\" data-element_type=\"widget\" data-e-type=\"widget\" data-widget_type=\"spacer.default\">\n\t\t\t\t<div class=\"elementor-widget-container\">\n\t\t\t\t\t\t\t<div class=\"elementor-spacer\">\n\t\t\t<div class=\"elementor-spacer-inner\"><\/div>\n\t\t<\/div>\n\t\t\t\t\t\t<\/div>\n\t\t\t\t<\/div>\n\t\t\t\t<div class=\"elementor-element elementor-element-6382a2fe elementor-widget elementor-widget-text-editor\" data-id=\"6382a2fe\" data-element_type=\"widget\" data-e-type=\"widget\" data-widget_type=\"text-editor.default\">\n\t\t\t\t<div class=\"elementor-widget-container\">\n\t\t\t\t\t\t\t\t\t<p>Nous sommes en train de concevoir des projets pratiques pour les quatre th\u00e8mes suivants.<\/p>\n<ul>\n<li><strong>\u00a0\u00ab\u00a0Inspiration digital\u00a0\u00bb\u00a0: <\/strong>Presque 40 communaut\u00e9s et initiatives orient\u00e9es sur l\u2019interculturel figurent sur la <a href=\"https:\/\/www.landkarte-der-ermutigung.de\" target=\"_blank\" rel=\"noopener\">carte d\u2019encouragement <\/a>. Celles-ci transmettent une nouvelle image des communaut\u00e9s diverses et transculturelles. Vous y trouverez \u00e9galement des portraits des diff\u00e9rentes communaut\u00e9s sous forme de <a href=\"https:\/\/landkarte-der-ermutigung.de\/wp-content\/uploads\/2021\/06\/Landkarte-der-Ermutigung-mit-Sponsor-Akebulan.mp4\" target=\"_blank\" rel=\"noopener\">clips vid\u00e9o<\/a>. L\u2019id\u00e9al pour organiser des groupes de discussion, des offices religieux et autres \u00e9v\u00e9nements.<\/li>\n<li><strong>Comp\u00e9tence d\u2019encadrement\u00a0: <\/strong>Nous sommes en train de mettre au point un programme de formation interculturelle\u00a0: Born for more. Des b\u00e9n\u00e9voles d\u2019origines les plus vari\u00e9es sont form\u00e9s \u00e0 diriger des groupes, des communaut\u00e9s \u00ab\u00a0fresh X\u00a0\u00bb ou encore \u00e0 encadrer des camps de vacances. Ce type de programmes a consid\u00e9rablement gagn\u00e9 en importance ces 15 derni\u00e8res ann\u00e9es au sein du travail avec la jeunesse protestante.\u00a0<a href=\"https:\/\/www.bornformore.de\" target=\"_blank\" rel=\"noopener\">born for more<\/a>\u00a0en est la version interculturelle, destin\u00e9e \u00e9galement aux adultes. En effet, pour se voir \u00ab\u00a0d\u2019\u00e9gal \u00e0 \u00e9gal\u00a0\u00bb, il faut faire preuve de confiance en soi. Ceci est notamment le cas en pr\u00e9sence de jeunes r\u00e9fugi\u00e9s. Ce cours local d\u2019une dur\u00e9e de six mois aspire \u00e0 d\u00e9velopper les comp\u00e9tences d&rsquo;encadrement de fa\u00e7on pratique.<\/li>\n<li><strong>Ouverture interculturelle\u00a0: <\/strong>Comment les communaut\u00e9s et les organisations peuvent-elles faire la d\u00e9couverte de ce tr\u00e9sor que constitue la communaut\u00e9 interculturelle\u00a0? De sorte que les hommes et femmes puissent \u00eatre int\u00e9gr\u00e9s tr\u00e8s concr\u00e8tement dans le quotidien de ces communaut\u00e9s, et ce ind\u00e9pendamment de l\u2019origine et de la langue maternelle de ces personnes\u00a0?\u00a0<br \/>C\u2019est ici qu\u2019intervient\u00a0<a href=\"https:\/\/www.globallocal.de\" target=\"_blank\" rel=\"noopener\">global local<\/a>\u00a0, un programme d\u2019une dur\u00e9e de 40 jours proposant d\u2019int\u00e9ressantes id\u00e9es des plus vari\u00e9es destin\u00e9es \u00e0 des individus, \u00e0 des groupes et cercles de personnes, mais aussi permettant d\u2019organiser des offices religieux et autres \u00e9v\u00e9nements. Le programme \u00ab\u00a0global local\u00a0\u00bb permettra d\u2019enrichir les organismes locaux. Au bout de ces 6 semaines, le monde semblera \u00eatre un univers empreint de diversit\u00e9, ainsi les offres interculturelles seront une \u00e9vidence. \u00ab\u00a0global local\u00a0\u00bb a \u00e9t\u00e9 lanc\u00e9 en octobre 2020 et est men\u00e9 jusqu\u2019\u00e0 l\u2019automne 2024.\u00a0<br \/>Un <a href=\"https:\/\/www.youtube.com\/watch?v=I-3ZPNyJu9c\"> clip vid\u00e9o <\/a>de\u00a0120 secondes illustre sur quoi porte ce programme de 40 jours.<\/li>\n<li><strong>R\u00e9elle inspiration\u00a0:<\/strong> La\u00a0<a href=\"https:\/\/himmelsfels.de\/programm\/summer\/\" target=\"_blank\" rel=\"noopener\">Communaut\u00e9 de Himmelsfels<\/a>, qui fait l\u2019exp\u00e9rience \u00e0 Spangenberg (pr\u00e8s de Cassel) de la \u00ab\u00a0Communaut\u00e9 d\u2019\u00e9gal \u00e0 \u00e9gal\u00a0\u00bb depuis des ann\u00e9es est un lieu jouant un r\u00f4le central. La premi\u00e8re semaine du mois d\u2019ao\u00fbt, un camp international et interculturel destin\u00e9 \u00e0 de jeunes pionniers y est organis\u00e9. Ces camps d\u2019\u00e9t\u00e9 internationaux destin\u00e9s aux jeunes constituent un laboratoire permettant d\u2019exp\u00e9rimenter de nouvelles formes de communaut\u00e9s et repr\u00e9sentant un foyer d\u2019inspiration.<\/li>\n<\/ul>\n\t\t\t\t\t\t\t\t<\/div>\n\t\t\t\t<\/div>\n\t\t\t\t<div class=\"elementor-element elementor-element-9cc37ec elementor-widget elementor-widget-spacer\" data-id=\"9cc37ec\" data-element_type=\"widget\" data-e-type=\"widget\" data-widget_type=\"spacer.default\">\n\t\t\t\t<div class=\"elementor-widget-container\">\n\t\t\t\t\t\t\t<div class=\"elementor-spacer\">\n\t\t\t<div class=\"elementor-spacer-inner\"><\/div>\n\t\t<\/div>\n\t\t\t\t\t\t<\/div>\n\t\t\t\t<\/div>\n\t\t\t\t\t<\/div>\n\t\t<\/div>\n\t\t\t\t\t<\/div>\n\t\t<\/section>\n\t\t\t\t<section class=\"elementor-section elementor-top-section elementor-element elementor-element-6b19b51 elementor-section-boxed elementor-section-height-default elementor-section-height-default\" data-id=\"6b19b51\" data-element_type=\"section\" data-e-type=\"section\">\n\t\t\t\t\t\t<div class=\"elementor-container elementor-column-gap-default\">\n\t\t\t\t\t<div class=\"elementor-column elementor-col-25 elementor-top-column elementor-element elementor-element-3ccef25\" data-id=\"3ccef25\" data-element_type=\"column\" data-e-type=\"column\">\n\t\t\t<div class=\"elementor-widget-wrap elementor-element-populated\">\n\t\t\t\t\t\t<div class=\"elementor-element elementor-element-010d2db animated-fast elementor-invisible elementor-widget elementor-widget-global elementor-global-79 elementor-widget-image\" data-id=\"010d2db\" data-element_type=\"widget\" data-e-type=\"widget\" data-settings=\"{&quot;_animation&quot;:&quot;zoomIn&quot;}\" data-widget_type=\"image.default\">\n\t\t\t\t<div class=\"elementor-widget-container\">\n\t\t\t\t\t\t\t\t\t\t\t\t\t\t\t\t<a href=\"https:\/\/www.landkarte-der-ermutigung.de\" target=\"_blank\">\n\t\t\t\t\t\t\t<img fetchpriority=\"high\" decoding=\"async\" width=\"800\" height=\"400\" src=\"https:\/\/gemeinde-auf-augenhoehe.de\/wp-content\/uploads\/2021\/05\/Logo_LandkarteDerErmutigung_Print-1024x512.jpg\" class=\"elementor-animation-grow attachment-large size-large wp-image-49\" alt=\"\" srcset=\"https:\/\/gemeinde-auf-augenhoehe.de\/wp-content\/uploads\/2021\/05\/Logo_LandkarteDerErmutigung_Print-1024x512.jpg 1024w, https:\/\/gemeinde-auf-augenhoehe.de\/wp-content\/uploads\/2021\/05\/Logo_LandkarteDerErmutigung_Print-300x150.jpg 300w, https:\/\/gemeinde-auf-augenhoehe.de\/wp-content\/uploads\/2021\/05\/Logo_LandkarteDerErmutigung_Print-768x384.jpg 768w, https:\/\/gemeinde-auf-augenhoehe.de\/wp-content\/uploads\/2021\/05\/Logo_LandkarteDerErmutigung_Print-1536x768.jpg 1536w, https:\/\/gemeinde-auf-augenhoehe.de\/wp-content\/uploads\/2021\/05\/Logo_LandkarteDerErmutigung_Print-2048x1024.jpg 2048w\" sizes=\"(max-width: 800px) 100vw, 800px\" \/>\t\t\t\t\t\t\t\t<\/a>\n\t\t\t\t\t\t\t\t\t\t\t\t\t\t\t<\/div>\n\t\t\t\t<\/div>\n\t\t\t\t<div class=\"elementor-element elementor-element-2f99cd3 elementor-widget elementor-widget-text-editor\" data-id=\"2f99cd3\" data-element_type=\"widget\" data-e-type=\"widget\" data-widget_type=\"text-editor.default\">\n\t\t\t\t<div class=\"elementor-widget-container\">\n\t\t\t\t\t\t\t\t\t<p><strong>Carte d\u2019encouragement<\/strong><\/p>\n<p>Carte en ligne * Introduction en neuf langues * Env. 40 initiatives et communaut\u00e9s * Gestion interculturelle. *\u00a0\u00ab\u00a0Rencontres d\u2019\u00e9gal \u00e0 \u00e9gal\u00a0\u00bb entre chr\u00e9tiens autochtones et immigr\u00e9s * Clips vid\u00e9o et photos illustrant comment c\u2019est dans la pratique.<\/p>\t\t\t\t\t\t\t\t<\/div>\n\t\t\t\t<\/div>\n\t\t\t\t\t<\/div>\n\t\t<\/div>\n\t\t\t\t<div class=\"elementor-column elementor-col-25 elementor-top-column elementor-element elementor-element-a644aab\" data-id=\"a644aab\" data-element_type=\"column\" data-e-type=\"column\">\n\t\t\t<div class=\"elementor-widget-wrap elementor-element-populated\">\n\t\t\t\t\t\t<div class=\"elementor-element elementor-element-6b437ef animated-fast elementor-invisible elementor-widget elementor-widget-global elementor-global-83 elementor-widget-image\" data-id=\"6b437ef\" data-element_type=\"widget\" data-e-type=\"widget\" data-settings=\"{&quot;_animation&quot;:&quot;zoomIn&quot;}\" data-widget_type=\"image.default\">\n\t\t\t\t<div class=\"elementor-widget-container\">\n\t\t\t\t\t\t\t\t\t\t\t\t\t\t\t\t<a href=\"http:\/\/www.bornformore.de\" target=\"_blank\">\n\t\t\t\t\t\t\t<img decoding=\"async\" width=\"750\" height=\"630\" src=\"https:\/\/gemeinde-auf-augenhoehe.de\/wp-content\/uploads\/2021\/05\/Logo-born-for-more.jpg\" class=\"elementor-animation-grow attachment-large size-large wp-image-48\" alt=\"\" srcset=\"https:\/\/gemeinde-auf-augenhoehe.de\/wp-content\/uploads\/2021\/05\/Logo-born-for-more.jpg 750w, https:\/\/gemeinde-auf-augenhoehe.de\/wp-content\/uploads\/2021\/05\/Logo-born-for-more-300x252.jpg 300w\" sizes=\"(max-width: 750px) 100vw, 750px\" \/>\t\t\t\t\t\t\t\t<\/a>\n\t\t\t\t\t\t\t\t\t\t\t\t\t\t\t<\/div>\n\t\t\t\t<\/div>\n\t\t\t\t<div class=\"elementor-element elementor-element-34fd8dd elementor-widget elementor-widget-text-editor\" data-id=\"34fd8dd\" data-element_type=\"widget\" data-e-type=\"widget\" data-widget_type=\"text-editor.default\">\n\t\t\t\t<div class=\"elementor-widget-container\">\n\t\t\t\t\t\t\t\t\t<p><strong>born for more<\/strong><\/p>\n<p>Groupe de formation * Rencontre d\u2019une dur\u00e9e de 4 \u00e0 6 mois* Formation pratique* Apprendre \u00e0 encadrer dans la pratique* Immigrants et autochtones* D\u00e9velopper les forces personnelles* S\u2019essayer * Assumer des responsabilit\u00e9s* D\u00e9veloppement des comp\u00e9tences d\u2019encadrement<\/p>\n<p>\u00a0<\/p>\t\t\t\t\t\t\t\t<\/div>\n\t\t\t\t<\/div>\n\t\t\t\t\t<\/div>\n\t\t<\/div>\n\t\t\t\t<div class=\"elementor-column elementor-col-25 elementor-top-column elementor-element elementor-element-2f37c35\" data-id=\"2f37c35\" data-element_type=\"column\" data-e-type=\"column\">\n\t\t\t<div class=\"elementor-widget-wrap elementor-element-populated\">\n\t\t\t\t\t\t<div class=\"elementor-element elementor-element-4dfbed6 animated-fast elementor-invisible elementor-widget elementor-widget-global elementor-global-86 elementor-widget-image\" data-id=\"4dfbed6\" data-element_type=\"widget\" data-e-type=\"widget\" data-settings=\"{&quot;_animation&quot;:&quot;zoomIn&quot;}\" data-widget_type=\"image.default\">\n\t\t\t\t<div class=\"elementor-widget-container\">\n\t\t\t\t\t\t\t\t\t\t\t\t\t\t\t\t<a href=\"https:\/\/www.globallocal.de\" target=\"_blank\">\n\t\t\t\t\t\t\t<img decoding=\"async\" width=\"768\" height=\"254\" src=\"https:\/\/gemeinde-auf-augenhoehe.de\/wp-content\/uploads\/2024\/07\/Global_Local_with_Tagline_Full_color-768x254.png\" class=\"elementor-animation-grow attachment-medium_large size-medium_large wp-image-3931\" alt=\"\" srcset=\"https:\/\/gemeinde-auf-augenhoehe.de\/wp-content\/uploads\/2024\/07\/Global_Local_with_Tagline_Full_color-768x254.png 768w, https:\/\/gemeinde-auf-augenhoehe.de\/wp-content\/uploads\/2024\/07\/Global_Local_with_Tagline_Full_color-300x99.png 300w, https:\/\/gemeinde-auf-augenhoehe.de\/wp-content\/uploads\/2024\/07\/Global_Local_with_Tagline_Full_color-1024x338.png 1024w, https:\/\/gemeinde-auf-augenhoehe.de\/wp-content\/uploads\/2024\/07\/Global_Local_with_Tagline_Full_color-1536x508.png 1536w, https:\/\/gemeinde-auf-augenhoehe.de\/wp-content\/uploads\/2024\/07\/Global_Local_with_Tagline_Full_color-2048x677.png 2048w, https:\/\/gemeinde-auf-augenhoehe.de\/wp-content\/uploads\/2024\/07\/Global_Local_with_Tagline_Full_color-1320x436.png 1320w\" sizes=\"(max-width: 768px) 100vw, 768px\" \/>\t\t\t\t\t\t\t\t<\/a>\n\t\t\t\t\t\t\t\t\t\t\t\t\t\t\t<\/div>\n\t\t\t\t<\/div>\n\t\t\t\t<div class=\"elementor-element elementor-element-da5c0b8 elementor-widget elementor-widget-text-editor\" data-id=\"da5c0b8\" data-element_type=\"widget\" data-e-type=\"widget\" data-widget_type=\"text-editor.default\">\n\t\t\t\t<div class=\"elementor-widget-container\">\n\t\t\t\t\t\t\t\t\t<p><strong>Global local <\/strong><\/p>\n<p>Programme de 40 jours * Id\u00e9es pour les dimanches, les \u00e9v\u00e9nements, les groupes et les individuels * Podcast, vid\u00e9os, propositions pratiques* Projet national jusqu\u2019en 10\/2024 * Rencontre interculturelle sur place* \u00c9largissement des horizons et ouverture interculturelle<\/p>\t\t\t\t\t\t\t\t<\/div>\n\t\t\t\t<\/div>\n\t\t\t\t\t<\/div>\n\t\t<\/div>\n\t\t\t\t<div class=\"elementor-column elementor-col-25 elementor-top-column elementor-element elementor-element-8b94cee\" data-id=\"8b94cee\" data-element_type=\"column\" data-e-type=\"column\">\n\t\t\t<div class=\"elementor-widget-wrap elementor-element-populated\">\n\t\t\t\t\t\t<div class=\"elementor-element elementor-element-5b5aa64 animated-fast elementor-invisible elementor-widget elementor-widget-global elementor-global-92 elementor-widget-image\" data-id=\"5b5aa64\" data-element_type=\"widget\" data-e-type=\"widget\" data-settings=\"{&quot;_animation&quot;:&quot;zoomIn&quot;}\" data-widget_type=\"image.default\">\n\t\t\t\t<div class=\"elementor-widget-container\">\n\t\t\t\t\t\t\t\t\t\t\t\t\t\t\t\t<a href=\"https:\/\/himmelsfels.de\/programm\/summer\/\" target=\"_blank\">\n\t\t\t\t\t\t\t<img loading=\"lazy\" decoding=\"async\" width=\"605\" height=\"289\" src=\"https:\/\/gemeinde-auf-augenhoehe.de\/wp-content\/uploads\/2021\/05\/IYSC-Logo.png\" class=\"elementor-animation-grow attachment-large size-large wp-image-50\" alt=\"\" srcset=\"https:\/\/gemeinde-auf-augenhoehe.de\/wp-content\/uploads\/2021\/05\/IYSC-Logo.png 605w, https:\/\/gemeinde-auf-augenhoehe.de\/wp-content\/uploads\/2021\/05\/IYSC-Logo-300x143.png 300w\" sizes=\"(max-width: 605px) 100vw, 605px\" \/>\t\t\t\t\t\t\t\t<\/a>\n\t\t\t\t\t\t\t\t\t\t\t\t\t\t\t<\/div>\n\t\t\t\t<\/div>\n\t\t\t\t<div class=\"elementor-element elementor-element-5d64155 elementor-widget elementor-widget-text-editor\" data-id=\"5d64155\" data-element_type=\"widget\" data-e-type=\"widget\" data-widget_type=\"text-editor.default\">\n\t\t\t\t<div class=\"elementor-widget-container\">\n\t\t\t\t\t\t\t\t\t<p><strong>Camp international d\u2019\u00e9t\u00e9 pour jeunes<\/strong><\/p>\n<p>50 \u00e0 100 jeunes, dont la majorit\u00e9 ayant une biographie internationale * \u00c0 Himmelsfels pr\u00e8s de Cassel * premi\u00e8re semaine d&rsquo;ao\u00fbt * Unit\u00e9&amp; diversit\u00e9 dans la pri\u00e8re, le chant et la danse. * Laboratoire pour de nouvelles formes de communaut\u00e9s * Jardins du paradis comme \u00ab\u00a0antennes\u00a0\u00bb<\/p>\n<p>\u00a0<\/p>\t\t\t\t\t\t\t\t<\/div>\n\t\t\t\t<\/div>\n\t\t\t\t\t<\/div>\n\t\t<\/div>\n\t\t\t\t\t<\/div>\n\t\t<\/section>\n\t\t\t\t<\/div>\n\t\t","protected":false},"excerpt":{"rendered":"<p>Nous sommes convaincus qu\u2019une \u00ab\u00a0Communaut\u00e9 d\u2019\u00e9gal \u00e0 \u00e9gal\u00a0\u00bb n\u00e9cessite des gens de profonde conviction, mais aussi des connaissances du sujet, des comp\u00e9tences et du courage. Nous sommes en train de concevoir des projets pratiques pour les quatre th\u00e8mes suivants. \u00a0\u00ab\u00a0Inspiration digital\u00a0\u00bb\u00a0: Presque 40 communaut\u00e9s et initiatives orient\u00e9es sur l\u2019interculturel figurent sur la carte d\u2019encouragement . [&hellip;]<\/p>\n","protected":false},"author":1,"featured_media":0,"parent":0,"menu_order":0,"comment_status":"closed","ping_status":"closed","template":"","meta":{"footnotes":""},"class_list":["post-3720","page","type-page","status-publish","hentry"],"_links":{"self":[{"href":"https:\/\/gemeinde-auf-augenhoehe.de\/fr\/wp-json\/wp\/v2\/pages\/3720","targetHints":{"allow":["GET"]}}],"collection":[{"href":"https:\/\/gemeinde-auf-augenhoehe.de\/fr\/wp-json\/wp\/v2\/pages"}],"about":[{"href":"https:\/\/gemeinde-auf-augenhoehe.de\/fr\/wp-json\/wp\/v2\/types\/page"}],"author":[{"embeddable":true,"href":"https:\/\/gemeinde-auf-augenhoehe.de\/fr\/wp-json\/wp\/v2\/users\/1"}],"replies":[{"embeddable":true,"href":"https:\/\/gemeinde-auf-augenhoehe.de\/fr\/wp-json\/wp\/v2\/comments?post=3720"}],"version-history":[{"count":5,"href":"https:\/\/gemeinde-auf-augenhoehe.de\/fr\/wp-json\/wp\/v2\/pages\/3720\/revisions"}],"predecessor-version":[{"id":3725,"href":"https:\/\/gemeinde-auf-augenhoehe.de\/fr\/wp-json\/wp\/v2\/pages\/3720\/revisions\/3725"}],"wp:attachment":[{"href":"https:\/\/gemeinde-auf-augenhoehe.de\/fr\/wp-json\/wp\/v2\/media?parent=3720"}],"curies":[{"name":"wp","href":"https:\/\/api.w.org\/{rel}","templated":true}]}}