{"id":3666,"date":"2022-09-04T12:38:43","date_gmt":"2022-09-04T10:38:43","guid":{"rendered":"https:\/\/gemeinde-auf-augenhoehe.de\/communaute-degal-a-egal\/foire-aux-questions\/"},"modified":"2022-09-04T13:09:17","modified_gmt":"2022-09-04T11:09:17","slug":"foire-aux-questions","status":"publish","type":"page","link":"https:\/\/gemeinde-auf-augenhoehe.de\/fr\/communaute-degal-a-egal\/foire-aux-questions\/","title":{"rendered":"Foire aux questions"},"content":{"rendered":"\t\t<div data-elementor-type=\"wp-page\" data-elementor-id=\"3666\" class=\"elementor elementor-3666\" data-elementor-post-type=\"page\">\n\t\t\t\t\t\t<section class=\"elementor-section elementor-top-section elementor-element elementor-element-54dd6533 elementor-section-boxed elementor-section-height-default elementor-section-height-default\" data-id=\"54dd6533\" data-element_type=\"section\" data-e-type=\"section\">\n\t\t\t\t\t\t<div class=\"elementor-container elementor-column-gap-default\">\n\t\t\t\t\t<div class=\"elementor-column elementor-col-100 elementor-top-column elementor-element elementor-element-6736d050\" data-id=\"6736d050\" data-element_type=\"column\" data-e-type=\"column\">\n\t\t\t<div class=\"elementor-widget-wrap elementor-element-populated\">\n\t\t\t\t\t\t<div class=\"elementor-element elementor-element-5d2080a elementor-widget elementor-widget-image\" data-id=\"5d2080a\" data-element_type=\"widget\" data-e-type=\"widget\" data-widget_type=\"image.default\">\n\t\t\t\t<div class=\"elementor-widget-container\">\n\t\t\t\t\t\t\t\t\t\t\t\t\t\t\t<img fetchpriority=\"high\" decoding=\"async\" width=\"1920\" height=\"1048\" src=\"https:\/\/gemeinde-auf-augenhoehe.de\/wp-content\/uploads\/2021\/12\/faq-g7398c2cdb_1920.jpg\" class=\"attachment-full size-full wp-image-2281\" alt=\"\" srcset=\"https:\/\/gemeinde-auf-augenhoehe.de\/wp-content\/uploads\/2021\/12\/faq-g7398c2cdb_1920.jpg 1920w, https:\/\/gemeinde-auf-augenhoehe.de\/wp-content\/uploads\/2021\/12\/faq-g7398c2cdb_1920-300x164.jpg 300w, https:\/\/gemeinde-auf-augenhoehe.de\/wp-content\/uploads\/2021\/12\/faq-g7398c2cdb_1920-1024x559.jpg 1024w, https:\/\/gemeinde-auf-augenhoehe.de\/wp-content\/uploads\/2021\/12\/faq-g7398c2cdb_1920-768x419.jpg 768w, https:\/\/gemeinde-auf-augenhoehe.de\/wp-content\/uploads\/2021\/12\/faq-g7398c2cdb_1920-1536x838.jpg 1536w, https:\/\/gemeinde-auf-augenhoehe.de\/wp-content\/uploads\/2021\/12\/faq-g7398c2cdb_1920-1320x721.jpg 1320w\" sizes=\"(max-width: 1920px) 100vw, 1920px\" \/>\t\t\t\t\t\t\t\t\t\t\t\t\t\t\t<\/div>\n\t\t\t\t<\/div>\n\t\t\t\t<div class=\"elementor-element elementor-element-39ccef36 elementor-widget elementor-widget-jet-listing-grid\" data-id=\"39ccef36\" data-element_type=\"widget\" data-e-type=\"widget\" data-settings=\"{&quot;columns&quot;:&quot;1&quot;}\" data-widget_type=\"jet-listing-grid.default\">\n\t\t\t\t<div class=\"elementor-widget-container\">\n\t\t\t\t\t<div class=\"jet-listing-grid jet-listing\"><div class=\"jet-listing-grid__items grid-col-desk-1 grid-col-tablet-1 grid-col-mobile-1 jet-listing-grid--480\" data-queried-id=\"3666|WP_Post\" data-nav=\"{&quot;enabled&quot;:false,&quot;type&quot;:null,&quot;more_el&quot;:null,&quot;query&quot;:[],&quot;widget_settings&quot;:{&quot;lisitng_id&quot;:480,&quot;posts_num&quot;:99,&quot;columns&quot;:1,&quot;columns_tablet&quot;:1,&quot;columns_mobile&quot;:1,&quot;column_min_width&quot;:240,&quot;column_min_width_tablet&quot;:240,&quot;column_min_width_mobile&quot;:240,&quot;inline_columns_css&quot;:false,&quot;is_archive_template&quot;:&quot;&quot;,&quot;post_status&quot;:[&quot;publish&quot;],&quot;use_random_posts_num&quot;:&quot;&quot;,&quot;max_posts_num&quot;:9,&quot;not_found_message&quot;:&quot;La mise en r\\u00e9seau des Chr\\u00e9tiens dans un travail interculturel existe en Allemagne depuis longtemps (p. ex. par l\\u2019interm\\u00e9diaire de AMIN, Jesus Unites ou du Congr\\u00e8s d\\u2019int\\u00e9gration \\u00e0 Sch\\u00f6nblick). L\\u2019impulsion ayant donn\\u00e9 l\\u2019id\\u00e9e de la \\u00ab\\u00a0Communaut\\u00e9 d\\u2019\\u00e9gal \\u00e0 \\u00e9gal\\u00a0\\u00bb vient d\\u2019Outre-Atlantique. L\\u2019immigration en Allemagne de plus d\\u2019un million de r\\u00e9fugi\\u00e9s en 2015-2016 a fortement \\u00e9tonn\\u00e9 les Chr\\u00e9tiens am\\u00e9ricains. Ils ont \\u00e9galement \\u00e9t\\u00e9 surpris par le grand int\\u00e9r\\u00eat port\\u00e9 \\u00e0 la croyance chr\\u00e9tienne ainsi que les nombreux bapt\\u00eames d\\u2019anciens musulmans. C\\u2019est pourquoi il nous ont pos\\u00e9 la question suivante\\u00a0: \\u00ab\\u00a0Ces \\u00e9v\\u00e9nements ne bouleversent-ils pas totalement vos communaut\\u00e9s en Allemagne\\u00a0?\\u00a0\\u00bb \\u00ab\\u00a0Cela serait bien...\\u00a0\\u00bb, avons-nous r\\u00e9pondu. Sur ce, nos amis am\\u00e9ricains ont alors poursuivi\\u00a0: \\u00ab\\u00a0Ne pouvez-vous pas vous mettre en r\\u00e9seau\\u00a0? La communaut\\u00e9 \\u00ab\\u00a0Fresh X\\u00a0\\u00bb peut-elle vous \\u00eatre utile\\u00a0? O\\u00f9 vont vous mener tous ces bapt\\u00eames\\u00a0?\\u00a0\\u00bb. Cette question \\u00e9tait au centre des pr\\u00e9occupations dans de nombreuses r\\u00e9gions d\\u2019Allemagne \\u00ab\\u00a0Fuite, bapt\\u00eame, et apr\\u00e8s\\u00a0?\\u00a0\\u00bb. Nombreux sont ceux qui ont particip\\u00e9 \\u00e0 ce type de conf\\u00e9rence. La premi\\u00e8re rencontre de la \\u00ab\\u00a0Communaut\\u00e9 d\\u2019\\u00e9gal \\u00e0 \\u00e9gal\\u00a0\\u00bb a eu lieu en juin 2018 directement apr\\u00e8s le Congr\\u00e8s d\\u2019int\\u00e9gration de Sch\\u00f6nblick. Certains des participants se connaissaient d\\u00e9j\\u00e0, d\\u2019autres pas encore. De nouveaux participants sont venus et viennent r\\u00e9guli\\u00e8rement. Nous consid\\u00e9rons ces exp\\u00e9riences comme un cadeau\\u00a0: une relation de confiance est n\\u00e9e entre diff\\u00e9rents mouvements religieux, une communaut\\u00e9 religieuse ax\\u00e9e sur encouragement et mission. Depuis l\\u2019\\u00e9t\\u00e9 2018, nous nous retrouvons tous les six mois dans le cadre d\\u2019ateliers strat\\u00e9giques religieux d\\u2019une dur\\u00e9e de deux jours. Le r\\u00e9seau a pris forme en 2018-2019. Notre vision commune ainsi que les id\\u00e9es \\u00e0 l\\u2019origine des projets pratiques ont pris de plus en plus forme. En 2020-2021, quatre projets pratiques ont pris leur envol. Ces projet ont pour objectif d\\u2019habiliter, d\\u2019inspirer et d\\u2019\\u00e9largir les horizons. D\\u2019importants outils permettant d\\u2019acc\\u00e9der \\u00e0 cette communaut\\u00e9 interculturelle sont en \\u00e9laboration ici. Et apr\\u00e8s\\u00a0? Tout cela est fascinant. Nous ne souhaitons devenir ni une association, ni une institution. Nous souhaitons percevoir au mieux o\\u00f9 nous m\\u00e8ne l\\u2019Esprit Saint, et ce en \\u00e9tant une communaut\\u00e9 religieuse ax\\u00e9e sur encouragement et mission.&quot;,&quot;is_masonry&quot;:false,&quot;equal_columns_height&quot;:&quot;&quot;,&quot;use_load_more&quot;:&quot;&quot;,&quot;load_more_id&quot;:&quot;&quot;,&quot;load_more_type&quot;:&quot;click&quot;,&quot;load_more_offset&quot;:null,&quot;use_custom_post_types&quot;:&quot;&quot;,&quot;custom_post_types&quot;:[],&quot;hide_widget_if&quot;:&quot;&quot;,&quot;carousel_enabled&quot;:&quot;&quot;,&quot;slides_to_scroll&quot;:&quot;1&quot;,&quot;arrows&quot;:&quot;true&quot;,&quot;arrow_icon&quot;:&quot;fa fa-angle-left&quot;,&quot;dots&quot;:&quot;&quot;,&quot;autoplay&quot;:&quot;true&quot;,&quot;pause_on_hover&quot;:&quot;true&quot;,&quot;autoplay_speed&quot;:5000,&quot;infinite&quot;:&quot;true&quot;,&quot;center_mode&quot;:&quot;&quot;,&quot;effect&quot;:&quot;slide&quot;,&quot;speed&quot;:500,&quot;inject_alternative_items&quot;:&quot;&quot;,&quot;injection_items&quot;:[],&quot;scroll_slider_enabled&quot;:&quot;&quot;,&quot;scroll_slider_on&quot;:[&quot;desktop&quot;,&quot;tablet&quot;,&quot;mobile&quot;],&quot;custom_query&quot;:false,&quot;custom_query_id&quot;:&quot;&quot;,&quot;_element_id&quot;:&quot;&quot;,&quot;collapse_first_last_gap&quot;:false,&quot;list_tag_selection&quot;:&quot;&quot;,&quot;list_items_wrapper_tag&quot;:&quot;div&quot;,&quot;list_item_tag&quot;:&quot;div&quot;,&quot;empty_items_wrapper_tag&quot;:&quot;div&quot;}}\" data-page=\"1\" data-pages=\"1\" data-listing-source=\"posts\" data-listing-id=\"480\" data-query-id=\"\"><div class=\"jet-listing-grid__item jet-listing-dynamic-post-3663\" data-post-id=\"3663\"  >\t\t<div data-elementor-type=\"jet-listing-items\" data-elementor-id=\"480\" class=\"elementor elementor-480 elementor-bc-flex-widget\" data-elementor-post-type=\"jet-engine\">\n\t\t\t\t\t\t<section class=\"elementor-section elementor-top-section elementor-element elementor-element-a2c349c elementor-section-boxed elementor-section-height-default elementor-section-height-default\" data-id=\"a2c349c\" data-element_type=\"section\" data-e-type=\"section\">\n\t\t\t\t\t\t<div class=\"elementor-container elementor-column-gap-default\">\n\t\t\t\t\t<div class=\"elementor-column elementor-col-100 elementor-top-column elementor-element elementor-element-c64ee8b\" data-id=\"c64ee8b\" data-element_type=\"column\" data-e-type=\"column\">\n\t\t\t<div class=\"elementor-widget-wrap elementor-element-populated\">\n\t\t\t\t\t\t<div class=\"elementor-element elementor-element-f4d1c33 elementor-widget elementor-widget-toggle\" data-id=\"f4d1c33\" data-element_type=\"widget\" data-e-type=\"widget\" data-widget_type=\"toggle.default\">\n\t\t\t\t<div class=\"elementor-widget-container\">\n\t\t\t\t\t\t\t<div class=\"elementor-toggle\">\n\t\t\t\t\t\t\t<div class=\"elementor-toggle-item\">\n\t\t\t\t\t<div id=\"elementor-tab-title-2561\" class=\"elementor-tab-title\" data-tab=\"1\" role=\"button\" aria-controls=\"elementor-tab-content-2561\" aria-expanded=\"false\">\n\t\t\t\t\t\t\t\t\t\t\t\t<span class=\"elementor-toggle-icon elementor-toggle-icon-left\" aria-hidden=\"true\">\n\t\t\t\t\t\t\t\t\t\t\t\t\t\t\t<span class=\"elementor-toggle-icon-closed\"><i class=\"fas fa-plus\"><\/i><\/span>\n\t\t\t\t\t\t\t\t<span class=\"elementor-toggle-icon-opened\"><i class=\"elementor-toggle-icon-opened fas fa-minus\"><\/i><\/span>\n\t\t\t\t\t\t\t\t\t\t\t\t\t<\/span>\n\t\t\t\t\t\t\t\t\t\t\t\t<a class=\"elementor-toggle-title\" tabindex=\"0\">Comment la \u00ab\u00a0Communaut\u00e9 d\u2019\u00e9gal \u00e0 \u00e9gal\u00a0\u00bb est-elle n\u00e9e\u00a0?<\/a>\n\t\t\t\t\t<\/div>\n\n\t\t\t\t\t<div id=\"elementor-tab-content-2561\" class=\"elementor-tab-content elementor-clearfix\" data-tab=\"1\" role=\"region\" aria-labelledby=\"elementor-tab-title-2561\"><p>La mise en r\u00e9seau des Chr\u00e9tiens dans un travail interculturel existe en Allemagne depuis longtemps (p. ex. par l\u2019interm\u00e9diaire de AMIN, Jesus Unites ou le Congr\u00e9s d\u2019int\u00e9gration \u00e0 Sch\u00f6nblick).<\/p>\n<p>L\u2019impulsion ayant donn\u00e9 l\u2019id\u00e9e de la \u00ab\u00a0Communaut\u00e9 d\u2019\u00e9gal \u00e0 \u00e9gal\u00a0\u00bb vient d\u2019autre Atlantique. L\u2019immigration en Allemagne de plus d\u2019un millions de r\u00e9fugi\u00e9s en 2015-2016 \u00e9tonna les Chr\u00e9tiens am\u00e9ricains. Ils furent \u00e9galement surpris par le grand int\u00e9r\u00eat port\u00e9 \u00e0 la croyance chr\u00e9tienne ainsi que les nombreux bapt\u00eame d\u2019anciens musulmans. C\u2019est pourquoi il nous ont demand\u00e9\u00a0: \u00ab\u00a0Est-ce que ces faits ne bouleversent-ils pas totalement vos communaut\u00e9s en Allemagne\u00a0?\u00a0\u00bb<\/p>\n<p>\u00ab\u00a0Cela serait bien&#8230;\u00a0\u00bb, avons-nous r\u00e9pondu. Sur ce, nos amis am\u00e9ricains ont alors demand\u00e9: \u00ab\u00a0Ne pouvez-vous pas vous mettre en r\u00e9seau ? La communaut\u00e9 \u00ab\u00a0Fresh X\u00a0\u00bb peut-elle vous \u00eatre utile\u00a0? O\u00f9 vont vous mener tous ces bapt\u00eames\u00a0?\u00a0\u00bb.<\/p>\n<p>Cette question \u00e9tait au centre des pr\u00e9occupation dans de nombreuses villes d\u2019Allemagne \u00ab\u00a0Fuite, bapt\u00eame, et apr\u00e8s\u00a0?\u00a0\u00bb.Nombreux sont ceux qui ont particip\u00e9 \u00e0 ce type de conf\u00e9rence.<\/p>\n<p>La premi\u00e8re rencontre de la \u00ab\u00a0Communaut\u00e9 d\u2019\u00e9gal \u00e0 \u00e9gale\u00a0\u00bb a eu lieu en juin 2018 directement apr\u00e8s le Congr\u00e8s d\u2019int\u00e9gration de Sch\u00f6nblick. Certains des participants se connaissaient d\u00e9j\u00e0, d\u2019autres pas. De nouveaux participants sont venus et viennent r\u00e9guli\u00e8rement. Nous consid\u00e9rons ces exp\u00e9riences comme un cadeau\u00a0: une relation de confiance est n\u00e9e entre diff\u00e9rents mouvements religieux, une communaut\u00e9 religieuse ax\u00e9e sur encouragement et mission.<\/p>\n<p>Depuis l\u2019\u00e9t\u00e9 2018, nous nous retrouvons tous les six mois dans le cadre d\u2019ateliers strat\u00e9giques religieux d\u2019une dur\u00e9e de deux jours.<\/p>\n<p>Le r\u00e9seau a pris forme en 2018-2019. Notre vision commune ainsi que les id\u00e9es \u00e0 l\u2019origine des .<a href=\"https:\/\/gemeinde-auf-augenhoehe.de\/praxisprojekte\/\"><u>projets pratiques<\/u> <\/a> ont pris de plus en plus forme.<\/p>\n<p>En 2020-2021,quatre <a href=\"https:\/\/gemeinde-auf-augenhoehe.de\/praxisprojekte\/\"><u>projets pratiques<\/u> <\/a>ont pris leur envol.Ces projet ont pour objectif d\u2019habiliter, d\u2019inspirer et d\u2019\u00e9largir les horizons. D\u2019importants outils permettant d\u2019acc\u00e9der \u00e0 cette communaut\u00e9 interculturelle sont en \u00e9laboration ici. <\/p>\n<p>Et apr\u00e8s\u00a0? Tout cela est fascinant. Nous ne souhaitons devenir ni une association, ni une institution. Nous souhaitons percevoir au mieux o\u00f9 nous m\u00eame l\u2019Esprit Saint, et ce en \u00e9tant une communaut\u00e9 religieuse ax\u00e9e sur encouragement et mission.<\/p>\n<\/div>\n\t\t\t\t<\/div>\n\t\t\t\t\t\t\t\t<\/div>\n\t\t\t\t\t\t<\/div>\n\t\t\t\t<\/div>\n\t\t\t\t\t<\/div>\n\t\t<\/div>\n\t\t\t\t\t<\/div>\n\t\t<\/section>\n\t\t\t\t<\/div>\n\t\t<\/div><\/div><\/div>\t\t\t\t<\/div>\n\t\t\t\t<\/div>\n\t\t\t\t\t<\/div>\n\t\t<\/div>\n\t\t\t\t\t<\/div>\n\t\t<\/section>\n\t\t\t\t<\/div>\n\t\t","protected":false},"excerpt":{"rendered":"","protected":false},"author":1,"featured_media":0,"parent":3581,"menu_order":0,"comment_status":"closed","ping_status":"closed","template":"","meta":{"footnotes":""},"class_list":["post-3666","page","type-page","status-publish","hentry"],"_links":{"self":[{"href":"https:\/\/gemeinde-auf-augenhoehe.de\/fr\/wp-json\/wp\/v2\/pages\/3666","targetHints":{"allow":["GET"]}}],"collection":[{"href":"https:\/\/gemeinde-auf-augenhoehe.de\/fr\/wp-json\/wp\/v2\/pages"}],"about":[{"href":"https:\/\/gemeinde-auf-augenhoehe.de\/fr\/wp-json\/wp\/v2\/types\/page"}],"author":[{"embeddable":true,"href":"https:\/\/gemeinde-auf-augenhoehe.de\/fr\/wp-json\/wp\/v2\/users\/1"}],"replies":[{"embeddable":true,"href":"https:\/\/gemeinde-auf-augenhoehe.de\/fr\/wp-json\/wp\/v2\/comments?post=3666"}],"version-history":[{"count":5,"href":"https:\/\/gemeinde-auf-augenhoehe.de\/fr\/wp-json\/wp\/v2\/pages\/3666\/revisions"}],"predecessor-version":[{"id":3672,"href":"https:\/\/gemeinde-auf-augenhoehe.de\/fr\/wp-json\/wp\/v2\/pages\/3666\/revisions\/3672"}],"up":[{"embeddable":true,"href":"https:\/\/gemeinde-auf-augenhoehe.de\/fr\/wp-json\/wp\/v2\/pages\/3581"}],"wp:attachment":[{"href":"https:\/\/gemeinde-auf-augenhoehe.de\/fr\/wp-json\/wp\/v2\/media?parent=3666"}],"curies":[{"name":"wp","href":"https:\/\/api.w.org\/{rel}","templated":true}]}}