{"id":3652,"date":"2022-09-04T12:20:20","date_gmt":"2022-09-04T10:20:20","guid":{"rendered":"https:\/\/gemeinde-auf-augenhoehe.de\/mentions-legales\/"},"modified":"2022-09-04T12:33:41","modified_gmt":"2022-09-04T10:33:41","slug":"mentions-legales","status":"publish","type":"page","link":"https:\/\/gemeinde-auf-augenhoehe.de\/fr\/mentions-legales\/","title":{"rendered":"Mentions l\u00e9gales"},"content":{"rendered":"\n<p><strong>Editeur du site<\/strong><\/p>\n\n<figure class=\"wp-block-image size-full is-resized\"><img decoding=\"async\" src=\"https:\/\/gemeinde-auf-augenhoehe.de\/wp-content\/uploads\/2021\/06\/ejw-scaled.jpg\" alt=\"https:\/\/globallocal.de\/wp-content\/uploads\/2021\/04\/ejw_4c_schwarz-300x94.jpg\" class=\"wp-image-370\" width=\"214\" height=\"67\" srcset=\"https:\/\/gemeinde-auf-augenhoehe.de\/wp-content\/uploads\/2021\/06\/ejw-scaled.jpg 2560w, https:\/\/gemeinde-auf-augenhoehe.de\/wp-content\/uploads\/2021\/06\/ejw-300x95.jpg 300w, https:\/\/gemeinde-auf-augenhoehe.de\/wp-content\/uploads\/2021\/06\/ejw-1024x325.jpg 1024w, https:\/\/gemeinde-auf-augenhoehe.de\/wp-content\/uploads\/2021\/06\/ejw-768x244.jpg 768w, https:\/\/gemeinde-auf-augenhoehe.de\/wp-content\/uploads\/2021\/06\/ejw-1536x487.jpg 1536w, https:\/\/gemeinde-auf-augenhoehe.de\/wp-content\/uploads\/2021\/06\/ejw-2048x650.jpg 2048w\" sizes=\"(max-width: 214px) 100vw, 214px\" \/><\/figure>\n<p>\u00ab\u00a0Office pour la Jeunesse protestante du Wurtemberg\u00a0\u00bb<br\/>Evangelisches Jugendwerk in W\u00fcrttemberg<br\/>Haeberlinstra\u00dfe 1-3<br\/>D-70563 Stuttgart<\/p>\n\n<p>T\u00e9l\u00e9phone\u00a0: 0711\/97 81-0<br\/> T\u00e9l\u00e9fax\u00a0: 0711\/97 81-30<br\/>Adresse \u00e9lectronique\u00a0:\u00a0<a href=\"mailto:info@ejwue.de\">info@ejwue.de<\/a><br\/>Site internet\u00a0:\u00a0<a href=\"http:\/\/www.ejwue.de\/\" target=\"_blank\" rel=\"noreferrer noopener\">http:\/\/www.ejwue.de<\/a><\/p>\n\n<p><strong>Compte o\u00f9 adresser les dons<\/strong><\/p>\n\n<p>Evangelisches Jugendwerk W\u00fcrttemberg<br\/>Evangelische Bank eG<br\/>IBAN: DE425 206 041 00000 405 485<br\/>BIC\/SWIFT: GENODEF1EK1<br\/>Centre de co\u00fbts 84241 Gemeinde auf Augenh\u00f6he<\/p>\n\n<p><strong>Titulaire<\/strong><\/p>\n\n<p>L\u2019 \u00ab\u00a0Office pour la Jeunesse protestante du Wurtemberg\u00a0\u00bb (EJW) est un \u00e9tablissement sans autonomie juridique de l\u2019\u00c9glise protestante du Wurtemberg (Evangelische Landeskirche in W\u00fcrttemberg), collectivit\u00e9 de droit public.<\/p>\n\n<p>Num\u00e9ro d\u2019identification fiscale (EJW)\u00a0:\u00a099153\/00033<\/p>\n\n<p>Num\u00e9ro d\u2019identification TVA (EJW)\u00a0: DE147793714<\/p>\n\n<p>Directeur g\u00e9rant d\u00fbment mandat\u00e9\u00a0:<br\/>Friedemann Berner<\/p>\n\n<p>Responsable du contenu du site globallocal.de (\u00a0au sens de la l\u00e9gislation sur la presse)<\/p>\n\n<p>Reinhold Krebs\u00a0<br\/>T\u00e9l\u00e9phone 0711\/9781-275<br\/>Adresse \u00e9lectronique\u00a0<a href=\"mailto:reinhold.krebs@ejwue.de\">reinhold.krebs@ejwue.de<\/a><\/p>\n\n<p>Conception &amp; \u00e9laboration du site\u00a0: <a href=\"https:\/\/www.rolfkrueger.net\" data-type=\"URL\" data-id=\"https:\/\/www.rolfkrueger.net\" target=\"_blank\" rel=\"noreferrer noopener\">Rolf Kr\u00fcger<\/a><br\/>Logo\u00a0: <a href=\"https:\/\/visualwerk.com\" data-type=\"URL\" data-id=\"https:\/\/visualwerk.com\" target=\"_blank\" rel=\"noreferrer noopener\">Heidi Frank<\/a><\/p>\n","protected":false},"excerpt":{"rendered":"<p>Editeur du site \u00ab\u00a0Office pour la Jeunesse protestante du Wurtemberg\u00a0\u00bbEvangelisches Jugendwerk in W\u00fcrttembergHaeberlinstra\u00dfe 1-3D-70563 Stuttgart T\u00e9l\u00e9phone\u00a0: 0711\/97 81-0 T\u00e9l\u00e9fax\u00a0: 0711\/97 81-30Adresse \u00e9lectronique\u00a0:\u00a0info@ejwue.deSite internet\u00a0:\u00a0http:\/\/www.ejwue.de Compte o\u00f9 adresser les dons Evangelisches Jugendwerk W\u00fcrttembergEvangelische Bank eGIBAN: DE425 206 041 00000 405 485BIC\/SWIFT: GENODEF1EK1Centre de co\u00fbts 84241 Gemeinde auf Augenh\u00f6he Titulaire L\u2019 \u00ab\u00a0Office pour la Jeunesse protestante du Wurtemberg\u00a0\u00bb [&hellip;]<\/p>\n","protected":false},"author":1,"featured_media":0,"parent":0,"menu_order":0,"comment_status":"closed","ping_status":"closed","template":"","meta":{"footnotes":""},"class_list":["post-3652","page","type-page","status-publish","hentry"],"_links":{"self":[{"href":"https:\/\/gemeinde-auf-augenhoehe.de\/fr\/wp-json\/wp\/v2\/pages\/3652","targetHints":{"allow":["GET"]}}],"collection":[{"href":"https:\/\/gemeinde-auf-augenhoehe.de\/fr\/wp-json\/wp\/v2\/pages"}],"about":[{"href":"https:\/\/gemeinde-auf-augenhoehe.de\/fr\/wp-json\/wp\/v2\/types\/page"}],"author":[{"embeddable":true,"href":"https:\/\/gemeinde-auf-augenhoehe.de\/fr\/wp-json\/wp\/v2\/users\/1"}],"replies":[{"embeddable":true,"href":"https:\/\/gemeinde-auf-augenhoehe.de\/fr\/wp-json\/wp\/v2\/comments?post=3652"}],"version-history":[{"count":5,"href":"https:\/\/gemeinde-auf-augenhoehe.de\/fr\/wp-json\/wp\/v2\/pages\/3652\/revisions"}],"predecessor-version":[{"id":3657,"href":"https:\/\/gemeinde-auf-augenhoehe.de\/fr\/wp-json\/wp\/v2\/pages\/3652\/revisions\/3657"}],"wp:attachment":[{"href":"https:\/\/gemeinde-auf-augenhoehe.de\/fr\/wp-json\/wp\/v2\/media?parent=3652"}],"curies":[{"name":"wp","href":"https:\/\/api.w.org\/{rel}","templated":true}]}}