{"id":3502,"date":"2022-06-15T10:50:49","date_gmt":"2022-06-15T08:50:49","guid":{"rendered":"https:\/\/gemeinde-auf-augenhoehe.de\/comunidad-de-tu-a-tu\/preguntas-frecuentes\/"},"modified":"2022-06-15T10:50:51","modified_gmt":"2022-06-15T08:50:51","slug":"preguntas-frecuentes","status":"publish","type":"page","link":"https:\/\/gemeinde-auf-augenhoehe.de\/es\/comunidad-de-tu-a-tu\/preguntas-frecuentes\/","title":{"rendered":"Preguntas frecuentes"},"content":{"rendered":"\t\t<div data-elementor-type=\"wp-page\" data-elementor-id=\"3502\" class=\"elementor elementor-3502\" data-elementor-post-type=\"page\">\n\t\t\t\t\t\t<section class=\"elementor-section elementor-top-section elementor-element elementor-element-54dd6533 elementor-section-boxed elementor-section-height-default elementor-section-height-default\" data-id=\"54dd6533\" data-element_type=\"section\" data-e-type=\"section\">\n\t\t\t\t\t\t<div class=\"elementor-container elementor-column-gap-default\">\n\t\t\t\t\t<div class=\"elementor-column elementor-col-100 elementor-top-column elementor-element elementor-element-6736d050\" data-id=\"6736d050\" data-element_type=\"column\" data-e-type=\"column\">\n\t\t\t<div class=\"elementor-widget-wrap elementor-element-populated\">\n\t\t\t\t\t\t<div class=\"elementor-element elementor-element-5d2080a elementor-widget elementor-widget-image\" data-id=\"5d2080a\" data-element_type=\"widget\" data-e-type=\"widget\" data-widget_type=\"image.default\">\n\t\t\t\t<div class=\"elementor-widget-container\">\n\t\t\t\t\t\t\t\t\t\t\t\t\t\t\t<img fetchpriority=\"high\" decoding=\"async\" width=\"1920\" height=\"1048\" src=\"https:\/\/gemeinde-auf-augenhoehe.de\/wp-content\/uploads\/2021\/12\/faq-g7398c2cdb_1920.jpg\" class=\"attachment-full size-full wp-image-2281\" alt=\"\" srcset=\"https:\/\/gemeinde-auf-augenhoehe.de\/wp-content\/uploads\/2021\/12\/faq-g7398c2cdb_1920.jpg 1920w, https:\/\/gemeinde-auf-augenhoehe.de\/wp-content\/uploads\/2021\/12\/faq-g7398c2cdb_1920-300x164.jpg 300w, https:\/\/gemeinde-auf-augenhoehe.de\/wp-content\/uploads\/2021\/12\/faq-g7398c2cdb_1920-1024x559.jpg 1024w, https:\/\/gemeinde-auf-augenhoehe.de\/wp-content\/uploads\/2021\/12\/faq-g7398c2cdb_1920-768x419.jpg 768w, https:\/\/gemeinde-auf-augenhoehe.de\/wp-content\/uploads\/2021\/12\/faq-g7398c2cdb_1920-1536x838.jpg 1536w, https:\/\/gemeinde-auf-augenhoehe.de\/wp-content\/uploads\/2021\/12\/faq-g7398c2cdb_1920-1320x721.jpg 1320w\" sizes=\"(max-width: 1920px) 100vw, 1920px\" \/>\t\t\t\t\t\t\t\t\t\t\t\t\t\t\t<\/div>\n\t\t\t\t<\/div>\n\t\t\t\t<div class=\"elementor-element elementor-element-39ccef36 elementor-widget elementor-widget-jet-listing-grid\" data-id=\"39ccef36\" data-element_type=\"widget\" data-e-type=\"widget\" data-settings=\"{&quot;columns&quot;:&quot;1&quot;}\" data-widget_type=\"jet-listing-grid.default\">\n\t\t\t\t<div class=\"elementor-widget-container\">\n\t\t\t\t\t<div class=\"jet-listing-grid jet-listing\"><div class=\"jet-listing-grid__items grid-col-desk-1 grid-col-tablet-1 grid-col-mobile-1 jet-listing-grid--480\" data-queried-id=\"3502|WP_Post\" data-nav=\"{&quot;enabled&quot;:false,&quot;type&quot;:null,&quot;more_el&quot;:null,&quot;query&quot;:[],&quot;widget_settings&quot;:{&quot;lisitng_id&quot;:480,&quot;posts_num&quot;:99,&quot;columns&quot;:1,&quot;columns_tablet&quot;:1,&quot;columns_mobile&quot;:1,&quot;column_min_width&quot;:240,&quot;column_min_width_tablet&quot;:240,&quot;column_min_width_mobile&quot;:240,&quot;inline_columns_css&quot;:false,&quot;is_archive_template&quot;:&quot;&quot;,&quot;post_status&quot;:[&quot;publish&quot;],&quot;use_random_posts_num&quot;:&quot;&quot;,&quot;max_posts_num&quot;:9,&quot;not_found_message&quot;:&quot;Las conexiones entre cristianos en el \\u00e1mbito de la interculturalidad se han dado en Alemania desde ya hace tiempo (por ejemplo, a trav\\u00e9s de AMIN, Jesus Unites o el Congreso de integraci\\u00f3n en Sch\\u00f6nblick). El impulso para la \\u00abComunidad de t\\u00fa a t\\u00fa\\u00bb vino del otro lado del charco. Los cristianos estadounidenses quedaron asombrados con la inmigraci\\u00f3n a Alemania de m\\u00e1s de un mill\\u00f3n de refugiados en 2015\\\/2016. Tambi\\u00e9n les sorprendi\\u00f3 el inter\\u00e9s por la fe cristiana y el gran n\\u00famero de bautismos de antiguos musulmanes. Nos preguntaron: \\u00ab\\u00bfNo cambia eso por completo vuestras comunidades de Alemania?\\u00bb \\u00abEso estar\\u00eda bien...\\u00bb, respondimos. A lo que nuestros amigos norteamericanos nos respondieron: \\u00ab\\u00bfNo podr\\u00edais crear una red aqu\\u00ed? \\u00bfEl movimiento Fresh X podr\\u00eda aportar algo en este sentido? \\u00bfD\\u00f3nde bautiz\\u00e1is...?\\u00bb Esa era tambi\\u00e9n una cuesti\\u00f3n candente en muchos lugares de Alemania. \\u00abHuida, bautismo... \\u00bfy luego, qu\\u00e9?\\u00bb Ven\\u00eda mucha gente a las conferencias sobre el tema. El primer encuentro de la \\u00abComunidad de t\\u00fa a t\\u00fa\\u00bb tuvo lugar en junio de 2018, justo despu\\u00e9s del Congreso de integraci\\u00f3n de Sch\\u00f6nblick. Algunos se conoc\\u00edan, otros no; vino gente nueva y siempre hay nuevas incorporaciones. Para nosotros, es como un regalo: surgi\\u00f3 la confianza a trav\\u00e9s de los campamentos de la iglesia, una comunidad espiritual de \\u00e1nimo y misi\\u00f3n. Desde el verano de 2018, nos reunimos cada seis meses en \\u00abtalleres de estrategia\\u00bb de dos d\\u00edas de duraci\\u00f3n con una base espiritual. En 2018\\\/19 se form\\u00f3 la red. La visi\\u00f3n com\\u00fan y las ideas para los proyectos pr\\u00e1cticos se volvieron cada vez m\\u00e1s claras. En 2020\\\/21, se pusieron en marcha cuatro proyectos pr\\u00e1cticos. Estos aspiran a empoderar, inspirar y ampliar los horizontes. En este contexto surgen importantes herramientas en el camino hacia nuevas comunidades interculturales. \\u00bfC\\u00f3mo evolucionar\\u00e1? Seguro que sigue siendo emocionante. No queremos convertirnos en una asociaci\\u00f3n o instituci\\u00f3n. Como comunidad de \\u00e1nimo y misi\\u00f3n, queremos estar atentos a d\\u00f3nde nos lleva el Esp\\u00edritu de Dios.&quot;,&quot;is_masonry&quot;:false,&quot;equal_columns_height&quot;:&quot;&quot;,&quot;use_load_more&quot;:&quot;&quot;,&quot;load_more_id&quot;:&quot;&quot;,&quot;load_more_type&quot;:&quot;click&quot;,&quot;load_more_offset&quot;:{&quot;unit&quot;:&quot;px&quot;,&quot;size&quot;:0,&quot;sizes&quot;:[]},&quot;use_custom_post_types&quot;:&quot;&quot;,&quot;custom_post_types&quot;:[],&quot;hide_widget_if&quot;:&quot;&quot;,&quot;carousel_enabled&quot;:&quot;&quot;,&quot;slides_to_scroll&quot;:&quot;1&quot;,&quot;arrows&quot;:&quot;true&quot;,&quot;arrow_icon&quot;:&quot;fa fa-angle-left&quot;,&quot;dots&quot;:&quot;&quot;,&quot;autoplay&quot;:&quot;true&quot;,&quot;pause_on_hover&quot;:&quot;true&quot;,&quot;autoplay_speed&quot;:5000,&quot;infinite&quot;:&quot;true&quot;,&quot;center_mode&quot;:&quot;&quot;,&quot;effect&quot;:&quot;slide&quot;,&quot;speed&quot;:500,&quot;inject_alternative_items&quot;:&quot;&quot;,&quot;injection_items&quot;:[],&quot;scroll_slider_enabled&quot;:&quot;&quot;,&quot;scroll_slider_on&quot;:[&quot;desktop&quot;,&quot;tablet&quot;,&quot;mobile&quot;],&quot;custom_query&quot;:false,&quot;custom_query_id&quot;:&quot;&quot;,&quot;_element_id&quot;:&quot;&quot;,&quot;collapse_first_last_gap&quot;:false,&quot;list_tag_selection&quot;:&quot;&quot;,&quot;list_items_wrapper_tag&quot;:&quot;div&quot;,&quot;list_item_tag&quot;:&quot;div&quot;,&quot;empty_items_wrapper_tag&quot;:&quot;div&quot;}}\" data-page=\"1\" data-pages=\"1\" data-listing-source=\"posts\" data-listing-id=\"480\" data-query-id=\"\"><div class=\"jet-listing-grid__item jet-listing-dynamic-post-3506\" data-post-id=\"3506\"  >\t\t<div data-elementor-type=\"jet-listing-items\" data-elementor-id=\"480\" class=\"elementor elementor-480 elementor-bc-flex-widget\" data-elementor-post-type=\"jet-engine\">\n\t\t\t\t\t\t<section class=\"elementor-section elementor-top-section elementor-element elementor-element-a2c349c elementor-section-boxed elementor-section-height-default elementor-section-height-default\" data-id=\"a2c349c\" data-element_type=\"section\" data-e-type=\"section\">\n\t\t\t\t\t\t<div class=\"elementor-container elementor-column-gap-default\">\n\t\t\t\t\t<div class=\"elementor-column elementor-col-100 elementor-top-column elementor-element elementor-element-c64ee8b\" data-id=\"c64ee8b\" data-element_type=\"column\" data-e-type=\"column\">\n\t\t\t<div class=\"elementor-widget-wrap elementor-element-populated\">\n\t\t\t\t\t\t<div class=\"elementor-element elementor-element-f4d1c33 elementor-widget elementor-widget-toggle\" data-id=\"f4d1c33\" data-element_type=\"widget\" data-e-type=\"widget\" data-widget_type=\"toggle.default\">\n\t\t\t\t<div class=\"elementor-widget-container\">\n\t\t\t\t\t\t\t<div class=\"elementor-toggle\">\n\t\t\t\t\t\t\t<div class=\"elementor-toggle-item\">\n\t\t\t\t\t<div id=\"elementor-tab-title-2561\" class=\"elementor-tab-title\" data-tab=\"1\" role=\"button\" aria-controls=\"elementor-tab-content-2561\" aria-expanded=\"false\">\n\t\t\t\t\t\t\t\t\t\t\t\t<span class=\"elementor-toggle-icon elementor-toggle-icon-left\" aria-hidden=\"true\">\n\t\t\t\t\t\t\t\t\t\t\t\t\t\t\t<span class=\"elementor-toggle-icon-closed\"><i class=\"fas fa-plus\"><\/i><\/span>\n\t\t\t\t\t\t\t\t<span class=\"elementor-toggle-icon-opened\"><i class=\"elementor-toggle-icon-opened fas fa-minus\"><\/i><\/span>\n\t\t\t\t\t\t\t\t\t\t\t\t\t<\/span>\n\t\t\t\t\t\t\t\t\t\t\t\t<a class=\"elementor-toggle-title\" tabindex=\"0\">\u00bfC\u00f3mo surgi\u00f3 la \u00abComunidad de t\u00fa a t\u00fa\u00bb?<\/a>\n\t\t\t\t\t<\/div>\n\n\t\t\t\t\t<div id=\"elementor-tab-content-2561\" class=\"elementor-tab-content elementor-clearfix\" data-tab=\"1\" role=\"region\" aria-labelledby=\"elementor-tab-title-2561\"><p>Las conexiones entre cristianos en el \u00e1mbito de la interculturalidad se han dado en Alemania desde ya hace tiempo (por ejemplo, a trav\u00e9s de AMIN, Jesus Unites o el Congreso de integraci\u00f3n en Sch\u00f6nblick).<\/p>\n<p>El impulso para la \u00abComunidad de t\u00fa a t\u00fa\u00bb vino del otro lado del charco. Los cristianos estadounidenses quedaron asombrados con la inmigraci\u00f3n a Alemania de m\u00e1s de un mill\u00f3n de refugiados en 2015\/2016. Tambi\u00e9n les sorprendi\u00f3 el inter\u00e9s por la fe cristiana y el gran n\u00famero de bautismos de antiguos musulmanes. Nos preguntaron: \u00ab\u00bfNo cambia eso por completo vuestras comunidades de Alemania?\u00bb<\/p>\n<p>\u00abEso estar\u00eda bien&#8230;\u00bb respondimos. A lo que los amigos norteamericanos respondieron: \u00ab\u00bfNo podr\u00edais crear una red aqu\u00ed? \u00bfEl movimiento Fresh X podr\u00eda aportar algo en este sentido? \u00bfD\u00f3nde bautiz\u00e1is&#8230;?\u00bb<\/p>\n<p>Esa era tambi\u00e9n una cuesti\u00f3n candente en muchos lugares de Alemania. \u00abHuida, bautismo&#8230; \u00bfy luego, qu\u00e9?\u00bb Ven\u00eda mucha gente a las conferencias sobre el tema.<\/p>\n<p>El primer encuentro de la \u00abComunidad de t\u00fa a t\u00fa\u00bb tuvo lugar en junio de 2018, justo despu\u00e9s del Congreso de integraci\u00f3n de Sch\u00f6nblick. Algunos se conoc\u00edan, otros no; vino gente nueva y siempre hay nuevas incorporaciones. Para nosotros, es como un regalo: surgi\u00f3 la confianza a trav\u00e9s de los campamentos de la iglesia, una comunidad espiritual de \u00e1nimo y misi\u00f3n.<\/p>\n<p>Desde el verano de 2018, nos reunimos cada seis meses en \u00abtalleres de estrategia\u00bb de dos d\u00edas de duraci\u00f3n con una base espiritual.<\/p>\n<p>La red se form\u00f3 en los dos primeros a\u00f1os. La visi\u00f3n com\u00fan y las ideas para los <a href=\"https:\/\/gemeinde-auf-augenhoehe.de\/praxisprojekte\/\"><u>proyectos pr\u00e1cticos<\/u><\/a> se volvieron cada vez m\u00e1s claras.<\/p>\n<p>En 2020\/21 se pusieron en marcha cuatro <a href=\"https:\/\/gemeinde-auf-augenhoehe.de\/praxisprojekte\/\"><u>proyectos pr\u00e1cticos<\/u><\/a>. Estos aspiran a empoderar, inspirar y ampliar los horizontes. En este contexto surgen importantes herramientas en el camino hacia nuevas comunidades interculturales.<\/p>\n<p>\u00bfC\u00f3mo evolucionar\u00e1? Seguro que sigue siendo emocionante. No queremos convertirnos en una asociaci\u00f3n o instituci\u00f3n. Como comunidad de \u00e1nimo y misi\u00f3n, queremos estar atentos a d\u00f3nde nos lleva el Esp\u00edritu de Dios.<\/p>\n<\/div>\n\t\t\t\t<\/div>\n\t\t\t\t\t\t\t\t<\/div>\n\t\t\t\t\t\t<\/div>\n\t\t\t\t<\/div>\n\t\t\t\t\t<\/div>\n\t\t<\/div>\n\t\t\t\t\t<\/div>\n\t\t<\/section>\n\t\t\t\t<\/div>\n\t\t<\/div><div class=\"jet-listing-grid__item jet-listing-dynamic-post-3515\" data-post-id=\"3515\"  >\t\t<div data-elementor-type=\"jet-listing-items\" data-elementor-id=\"480\" class=\"elementor elementor-480 elementor-bc-flex-widget\" data-elementor-post-type=\"jet-engine\">\n\t\t\t\t\t\t<section class=\"elementor-section elementor-top-section elementor-element elementor-element-a2c349c elementor-section-boxed elementor-section-height-default elementor-section-height-default\" data-id=\"a2c349c\" data-element_type=\"section\" data-e-type=\"section\">\n\t\t\t\t\t\t<div class=\"elementor-container elementor-column-gap-default\">\n\t\t\t\t\t<div class=\"elementor-column elementor-col-100 elementor-top-column elementor-element elementor-element-c64ee8b\" data-id=\"c64ee8b\" data-element_type=\"column\" data-e-type=\"column\">\n\t\t\t<div class=\"elementor-widget-wrap elementor-element-populated\">\n\t\t\t\t\t\t<div class=\"elementor-element elementor-element-f4d1c33 elementor-widget elementor-widget-toggle\" data-id=\"f4d1c33\" data-element_type=\"widget\" data-e-type=\"widget\" data-widget_type=\"toggle.default\">\n\t\t\t\t<div class=\"elementor-widget-container\">\n\t\t\t\t\t\t\t<div class=\"elementor-toggle\">\n\t\t\t\t\t\t\t<div class=\"elementor-toggle-item\">\n\t\t\t\t\t<div id=\"elementor-tab-title-2561\" class=\"elementor-tab-title\" data-tab=\"1\" role=\"button\" aria-controls=\"elementor-tab-content-2561\" aria-expanded=\"false\">\n\t\t\t\t\t\t\t\t\t\t\t\t<span class=\"elementor-toggle-icon elementor-toggle-icon-left\" aria-hidden=\"true\">\n\t\t\t\t\t\t\t\t\t\t\t\t\t\t\t<span class=\"elementor-toggle-icon-closed\"><i class=\"fas fa-plus\"><\/i><\/span>\n\t\t\t\t\t\t\t\t<span class=\"elementor-toggle-icon-opened\"><i class=\"elementor-toggle-icon-opened fas fa-minus\"><\/i><\/span>\n\t\t\t\t\t\t\t\t\t\t\t\t\t<\/span>\n\t\t\t\t\t\t\t\t\t\t\t\t<a class=\"elementor-toggle-title\" tabindex=\"0\">\u00bfCu\u00e1l es el objetivo de la Comunidad de t\u00fa a t\u00fa?<\/a>\n\t\t\t\t\t<\/div>\n\n\t\t\t\t\t<div id=\"elementor-tab-content-2561\" class=\"elementor-tab-content elementor-clearfix\" data-tab=\"1\" role=\"region\" aria-labelledby=\"elementor-tab-title-2561\"><p>Mediante la creaci\u00f3n de redes, apoyamos los encuentros interculturales de t\u00fa a t\u00fa en las comunidades eclesi\u00e1sticas. So\u00f1amos con una iglesia con diversidad cultural, teol\u00f3gica y personal.<\/p>\n<p>Con la \u00abComunidad de t\u00fa a t\u00fa\u00bb ha nacido una comunidad de \u00e1nimo y misi\u00f3n. Nos reunimos cada seis meses en talleres de estrategia. Nuestros proyectos fomentan que la interculturalidad forme parte de la vida cotidiana de las congregaciones. La diversidad cultural agudiza la visi\u00f3n: \u00bfc\u00f3mo pueden surgir nuevas oportunidades? \u00bfD\u00f3nde es necesario el cambio? Somos una red abierta y queremos crecer. Toda persona que comparta esta sentida inquietud puede unirse a nosotros.<\/p>\n<\/div>\n\t\t\t\t<\/div>\n\t\t\t\t\t\t\t\t<\/div>\n\t\t\t\t\t\t<\/div>\n\t\t\t\t<\/div>\n\t\t\t\t\t<\/div>\n\t\t<\/div>\n\t\t\t\t\t<\/div>\n\t\t<\/section>\n\t\t\t\t<\/div>\n\t\t<\/div><\/div><\/div>\t\t\t\t<\/div>\n\t\t\t\t<\/div>\n\t\t\t\t\t<\/div>\n\t\t<\/div>\n\t\t\t\t\t<\/div>\n\t\t<\/section>\n\t\t\t\t<\/div>\n\t\t","protected":false},"excerpt":{"rendered":"","protected":false},"author":1,"featured_media":0,"parent":3478,"menu_order":0,"comment_status":"closed","ping_status":"closed","template":"","meta":{"footnotes":""},"class_list":["post-3502","page","type-page","status-publish","hentry"],"_links":{"self":[{"href":"https:\/\/gemeinde-auf-augenhoehe.de\/es\/wp-json\/wp\/v2\/pages\/3502","targetHints":{"allow":["GET"]}}],"collection":[{"href":"https:\/\/gemeinde-auf-augenhoehe.de\/es\/wp-json\/wp\/v2\/pages"}],"about":[{"href":"https:\/\/gemeinde-auf-augenhoehe.de\/es\/wp-json\/wp\/v2\/types\/page"}],"author":[{"embeddable":true,"href":"https:\/\/gemeinde-auf-augenhoehe.de\/es\/wp-json\/wp\/v2\/users\/1"}],"replies":[{"embeddable":true,"href":"https:\/\/gemeinde-auf-augenhoehe.de\/es\/wp-json\/wp\/v2\/comments?post=3502"}],"version-history":[{"count":3,"href":"https:\/\/gemeinde-auf-augenhoehe.de\/es\/wp-json\/wp\/v2\/pages\/3502\/revisions"}],"predecessor-version":[{"id":3505,"href":"https:\/\/gemeinde-auf-augenhoehe.de\/es\/wp-json\/wp\/v2\/pages\/3502\/revisions\/3505"}],"up":[{"embeddable":true,"href":"https:\/\/gemeinde-auf-augenhoehe.de\/es\/wp-json\/wp\/v2\/pages\/3478"}],"wp:attachment":[{"href":"https:\/\/gemeinde-auf-augenhoehe.de\/es\/wp-json\/wp\/v2\/media?parent=3502"}],"curies":[{"name":"wp","href":"https:\/\/api.w.org\/{rel}","templated":true}]}}