{"id":3475,"date":"2022-06-14T10:41:31","date_gmt":"2022-06-14T08:41:31","guid":{"rendered":"https:\/\/gemeinde-auf-augenhoehe.de\/proyectos-practicos\/"},"modified":"2022-06-14T10:41:32","modified_gmt":"2022-06-14T08:41:32","slug":"proyectos-practicos","status":"publish","type":"page","link":"https:\/\/gemeinde-auf-augenhoehe.de\/es\/proyectos-practicos\/","title":{"rendered":"Proyectos pr\u00e1cticos"},"content":{"rendered":"\t\t<div data-elementor-type=\"wp-page\" data-elementor-id=\"3475\" class=\"elementor elementor-3475\" data-elementor-post-type=\"page\">\n\t\t\t\t\t\t<section class=\"elementor-section elementor-top-section elementor-element elementor-element-3d81c968 elementor-section-boxed elementor-section-height-default elementor-section-height-default\" data-id=\"3d81c968\" data-element_type=\"section\" data-e-type=\"section\">\n\t\t\t\t\t\t<div class=\"elementor-container elementor-column-gap-default\">\n\t\t\t\t\t<div class=\"elementor-column elementor-col-100 elementor-top-column elementor-element elementor-element-363449ef\" data-id=\"363449ef\" data-element_type=\"column\" data-e-type=\"column\">\n\t\t\t<div class=\"elementor-widget-wrap elementor-element-populated\">\n\t\t\t\t\t\t<section class=\"elementor-section elementor-inner-section elementor-element elementor-element-34d6adb elementor-section-boxed elementor-section-height-default elementor-section-height-default\" data-id=\"34d6adb\" data-element_type=\"section\" data-e-type=\"section\" data-settings=\"{&quot;background_background&quot;:&quot;classic&quot;}\">\n\t\t\t\t\t\t<div class=\"elementor-container elementor-column-gap-default\">\n\t\t\t\t\t<div class=\"elementor-column elementor-col-100 elementor-inner-column elementor-element elementor-element-4f999c0\" data-id=\"4f999c0\" data-element_type=\"column\" data-e-type=\"column\">\n\t\t\t<div class=\"elementor-widget-wrap elementor-element-populated\">\n\t\t\t\t\t\t<div class=\"elementor-element elementor-element-838ff27 elementor-widget elementor-widget-spacer\" data-id=\"838ff27\" data-element_type=\"widget\" data-e-type=\"widget\" data-widget_type=\"spacer.default\">\n\t\t\t\t<div class=\"elementor-widget-container\">\n\t\t\t\t\t\t\t<div class=\"elementor-spacer\">\n\t\t\t<div class=\"elementor-spacer-inner\"><\/div>\n\t\t<\/div>\n\t\t\t\t\t\t<\/div>\n\t\t\t\t<\/div>\n\t\t\t\t\t<\/div>\n\t\t<\/div>\n\t\t\t\t\t<\/div>\n\t\t<\/section>\n\t\t\t\t<div class=\"elementor-element elementor-element-2d98cf1 elementor-widget elementor-widget-text-editor\" data-id=\"2d98cf1\" data-element_type=\"widget\" data-e-type=\"widget\" data-widget_type=\"text-editor.default\">\n\t\t\t\t<div class=\"elementor-widget-container\">\n\t\t\t\t\t\t\t\t\t<p>Lo tenemos claro: para formar una \u00abComunidad de t\u00fa a t\u00fa\u00bb, necesitamos personas con un coraz\u00f3n ardiente, competentes y valientes.<\/p>\t\t\t\t\t\t\t\t<\/div>\n\t\t\t\t<\/div>\n\t\t\t\t<div class=\"elementor-element elementor-element-575928d elementor-widget elementor-widget-spacer\" data-id=\"575928d\" data-element_type=\"widget\" data-e-type=\"widget\" data-widget_type=\"spacer.default\">\n\t\t\t\t<div class=\"elementor-widget-container\">\n\t\t\t\t\t\t\t<div class=\"elementor-spacer\">\n\t\t\t<div class=\"elementor-spacer-inner\"><\/div>\n\t\t<\/div>\n\t\t\t\t\t\t<\/div>\n\t\t\t\t<\/div>\n\t\t\t\t<div class=\"elementor-element elementor-element-6382a2fe elementor-widget elementor-widget-text-editor\" data-id=\"6382a2fe\" data-element_type=\"widget\" data-e-type=\"widget\" data-widget_type=\"text-editor.default\">\n\t\t\t\t<div class=\"elementor-widget-container\">\n\t\t\t\t\t\t\t\t\t<p>Estamos desarrollando proyectos pr\u00e1cticos para los cuatro proyectos.<\/p><ul><li><strong>Inspiraci\u00f3n digital:<\/strong> En el <a href=\"https:\/\/www.landkarte-der-ermutigung.de\" target=\"_blank\" rel=\"noopener\">mapa de la motivaci\u00f3n<\/a> encontrar\u00e1s casi 40 congregaciones dirigidas seg\u00fan criterios interculturales. Estas transmiten una nueva imagen de congregaci\u00f3n mucho m\u00e1s diversa y transcultural. Aqu\u00ed tambi\u00e9n encontrar\u00e1s retratos de la comunidad en forma de <a href=\"https:\/\/landkarte-der-ermutigung.de\/wp-content\/uploads\/2021\/06\/Landkarte-der-Ermutigung-mit-Sponsor-Akebulan.mp4\" target=\"_blank\" rel=\"noopener\">v\u00eddeo<\/a>. Son perfectos para grupos de discusi\u00f3n, servicios religiosos y eventos.<\/li><li><strong>Habilidades de liderazgo<\/strong>: Estamos desarrollando un programa de formaci\u00f3n intercultural: Born for more. Vamos a formar a voluntarios con diferentes bagajes para que dirijan grupos, Fresh X o campamentos. Este concepto de formaci\u00f3n ha ganado mucho terreno en el trabajo con j\u00f3venes de la iglesia protestante en los \u00faltimos 15 a\u00f1os. <a href=\"https:\/\/www.bornformore.de\" target=\"_blank\" rel=\"noopener\">Born for more<\/a> es su versi\u00f3n intercultural, tambi\u00e9n para adultos. La relaci\u00f3n de t\u00fa a t\u00fa requiere confianza en uno mismo, por ejemplo en el caso de los refugiados m\u00e1s j\u00f3venes. El programa del curso presencial, de seis meses de duraci\u00f3n, aspira a desarrollar el liderazgo de manera pr\u00e1ctica.<\/li><li><strong>Apertura intercultural<\/strong>: \u00bfQu\u00e9 hacer para que las comunidades y organizaciones descubran el tesoro de las comunidades interculturales de manera que se incluya a las personas de forma muy concreta en el d\u00eda a d\u00eda, con independencia de su origen y lengua materna? <br>Aqu\u00ed es donde entra <a href=\"https:\/\/www.globallocal.de\" target=\"_blank\" rel=\"noopener\">global local<\/a>, un programa s\u00f3lido y variado de 40 d\u00edas con ideas para individuos, grupos y c\u00edrculos, servicios religiosos y eventos. Los representantes locales experimentar\u00e1n una transformaci\u00f3n a trav\u00e9s del proceso con global local. Transcurridas las seis semanas, el mundo parecer\u00e1 un lugar m\u00e1s diverso. Las propuestas interculturales se volver\u00e1n m\u00e1s naturales. Global local comenz\u00f3 en octubre de 2020 y se extender\u00e1 hasta el oto\u00f1o de 2024. <br>En este <a href=\"https:\/\/www.youtube.com\/watch?v=I-3ZPNyJu9c\">v\u00eddeo<\/a> de 120 segundos podr\u00e1s ver de qu\u00e9 va este proyecto de 40 d\u00edas.<\/li><li><strong>Inspiraci\u00f3n real<\/strong>: Un lugar central para la \u00abComunidad de t\u00fa a t\u00fa\u00bb es la <a href=\"https:\/\/himmelsfels.de\/programm\/summer\/\" target=\"_blank\" rel=\"noopener\">comunidad de Himmelsfels<\/a>, que lleva a\u00f1os viviendo esa realidad en Spangenberg (cerca de Kassel). En la primera semana de agosto, celebran un campamento internacional e intercultural para j\u00f3venes pioneros de la iglesia. Estos campamentos de verano internacionales para j\u00f3venes son un laboratorio de nuevas formas de congregaci\u00f3n y un foco de inspiraci\u00f3n.<\/li><\/ul>\t\t\t\t\t\t\t\t<\/div>\n\t\t\t\t<\/div>\n\t\t\t\t<div class=\"elementor-element elementor-element-9cc37ec elementor-widget elementor-widget-spacer\" data-id=\"9cc37ec\" data-element_type=\"widget\" data-e-type=\"widget\" data-widget_type=\"spacer.default\">\n\t\t\t\t<div class=\"elementor-widget-container\">\n\t\t\t\t\t\t\t<div class=\"elementor-spacer\">\n\t\t\t<div class=\"elementor-spacer-inner\"><\/div>\n\t\t<\/div>\n\t\t\t\t\t\t<\/div>\n\t\t\t\t<\/div>\n\t\t\t\t\t<\/div>\n\t\t<\/div>\n\t\t\t\t\t<\/div>\n\t\t<\/section>\n\t\t\t\t<section class=\"elementor-section elementor-top-section elementor-element elementor-element-6b19b51 elementor-section-boxed elementor-section-height-default elementor-section-height-default\" data-id=\"6b19b51\" data-element_type=\"section\" data-e-type=\"section\">\n\t\t\t\t\t\t<div class=\"elementor-container elementor-column-gap-default\">\n\t\t\t\t\t<div class=\"elementor-column elementor-col-25 elementor-top-column elementor-element elementor-element-3ccef25\" data-id=\"3ccef25\" data-element_type=\"column\" data-e-type=\"column\">\n\t\t\t<div class=\"elementor-widget-wrap elementor-element-populated\">\n\t\t\t\t\t\t<div class=\"elementor-element elementor-element-010d2db animated-fast elementor-invisible elementor-widget elementor-widget-global elementor-global-79 elementor-widget-image\" data-id=\"010d2db\" data-element_type=\"widget\" data-e-type=\"widget\" data-settings=\"{&quot;_animation&quot;:&quot;zoomIn&quot;}\" data-widget_type=\"image.default\">\n\t\t\t\t<div class=\"elementor-widget-container\">\n\t\t\t\t\t\t\t\t\t\t\t\t\t\t\t\t<a href=\"https:\/\/www.landkarte-der-ermutigung.de\" target=\"_blank\">\n\t\t\t\t\t\t\t<img fetchpriority=\"high\" decoding=\"async\" width=\"800\" height=\"400\" src=\"https:\/\/gemeinde-auf-augenhoehe.de\/wp-content\/uploads\/2021\/05\/Logo_LandkarteDerErmutigung_Print-1024x512.jpg\" class=\"elementor-animation-grow attachment-large size-large wp-image-49\" alt=\"\" srcset=\"https:\/\/gemeinde-auf-augenhoehe.de\/wp-content\/uploads\/2021\/05\/Logo_LandkarteDerErmutigung_Print-1024x512.jpg 1024w, https:\/\/gemeinde-auf-augenhoehe.de\/wp-content\/uploads\/2021\/05\/Logo_LandkarteDerErmutigung_Print-300x150.jpg 300w, https:\/\/gemeinde-auf-augenhoehe.de\/wp-content\/uploads\/2021\/05\/Logo_LandkarteDerErmutigung_Print-768x384.jpg 768w, https:\/\/gemeinde-auf-augenhoehe.de\/wp-content\/uploads\/2021\/05\/Logo_LandkarteDerErmutigung_Print-1536x768.jpg 1536w, https:\/\/gemeinde-auf-augenhoehe.de\/wp-content\/uploads\/2021\/05\/Logo_LandkarteDerErmutigung_Print-2048x1024.jpg 2048w\" sizes=\"(max-width: 800px) 100vw, 800px\" \/>\t\t\t\t\t\t\t\t<\/a>\n\t\t\t\t\t\t\t\t\t\t\t\t\t\t\t<\/div>\n\t\t\t\t<\/div>\n\t\t\t\t<div class=\"elementor-element elementor-element-2f99cd3 elementor-widget elementor-widget-text-editor\" data-id=\"2f99cd3\" data-element_type=\"widget\" data-e-type=\"widget\" data-widget_type=\"text-editor.default\">\n\t\t\t\t<div class=\"elementor-widget-container\">\n\t\t\t\t\t\t\t\t\t<p><strong>Mapa de la motivaci\u00f3n<\/strong><\/p>\n<p>Mapa en l\u00ednea * Introducci\u00f3n en nueve idiomas * Alrededor de 40 iniciativas y comunidades * Gesti\u00f3n intercultural *Relaci\u00f3n de t\u00fa a t\u00fa entre cristianos locales e inmigrantes * V\u00eddeos y fotos que muestran c\u00f3mo es en la pr\u00e1ctica.<\/p>\t\t\t\t\t\t\t\t<\/div>\n\t\t\t\t<\/div>\n\t\t\t\t\t<\/div>\n\t\t<\/div>\n\t\t\t\t<div class=\"elementor-column elementor-col-25 elementor-top-column elementor-element elementor-element-a644aab\" data-id=\"a644aab\" data-element_type=\"column\" data-e-type=\"column\">\n\t\t\t<div class=\"elementor-widget-wrap elementor-element-populated\">\n\t\t\t\t\t\t<div class=\"elementor-element elementor-element-6b437ef animated-fast elementor-invisible elementor-widget elementor-widget-global elementor-global-83 elementor-widget-image\" data-id=\"6b437ef\" data-element_type=\"widget\" data-e-type=\"widget\" data-settings=\"{&quot;_animation&quot;:&quot;zoomIn&quot;}\" data-widget_type=\"image.default\">\n\t\t\t\t<div class=\"elementor-widget-container\">\n\t\t\t\t\t\t\t\t\t\t\t\t\t\t\t\t<a href=\"http:\/\/www.bornformore.de\" target=\"_blank\">\n\t\t\t\t\t\t\t<img decoding=\"async\" width=\"750\" height=\"630\" src=\"https:\/\/gemeinde-auf-augenhoehe.de\/wp-content\/uploads\/2021\/05\/Logo-born-for-more.jpg\" class=\"elementor-animation-grow attachment-large size-large wp-image-48\" alt=\"\" srcset=\"https:\/\/gemeinde-auf-augenhoehe.de\/wp-content\/uploads\/2021\/05\/Logo-born-for-more.jpg 750w, https:\/\/gemeinde-auf-augenhoehe.de\/wp-content\/uploads\/2021\/05\/Logo-born-for-more-300x252.jpg 300w\" sizes=\"(max-width: 750px) 100vw, 750px\" \/>\t\t\t\t\t\t\t\t<\/a>\n\t\t\t\t\t\t\t\t\t\t\t\t\t\t\t<\/div>\n\t\t\t\t<\/div>\n\t\t\t\t<div class=\"elementor-element elementor-element-34fd8dd elementor-widget elementor-widget-text-editor\" data-id=\"34fd8dd\" data-element_type=\"widget\" data-e-type=\"widget\" data-widget_type=\"text-editor.default\">\n\t\t\t\t<div class=\"elementor-widget-container\">\n\t\t\t\t\t\t\t\t\t<p><strong>Born for more<\/strong><\/p>\n<p>Grupo de formaci\u00f3n * Encuentros durante 4-6 semanas * Formaci\u00f3n pr\u00e1ctica * Aprender a dirigir en la vida real * Inmigrantes y gente de la zona * Desarrollo de las fortalezas personales * Ponerse a prueba * Asumir responsabilidades * Desarrollo del liderazgo<\/p>\n<p> <\/p>\t\t\t\t\t\t\t\t<\/div>\n\t\t\t\t<\/div>\n\t\t\t\t\t<\/div>\n\t\t<\/div>\n\t\t\t\t<div class=\"elementor-column elementor-col-25 elementor-top-column elementor-element elementor-element-2f37c35\" data-id=\"2f37c35\" data-element_type=\"column\" data-e-type=\"column\">\n\t\t\t<div class=\"elementor-widget-wrap elementor-element-populated\">\n\t\t\t\t\t\t<div class=\"elementor-element elementor-element-4dfbed6 animated-fast elementor-invisible elementor-widget elementor-widget-global elementor-global-86 elementor-widget-image\" data-id=\"4dfbed6\" data-element_type=\"widget\" data-e-type=\"widget\" data-settings=\"{&quot;_animation&quot;:&quot;zoomIn&quot;}\" data-widget_type=\"image.default\">\n\t\t\t\t<div class=\"elementor-widget-container\">\n\t\t\t\t\t\t\t\t\t\t\t\t\t\t\t\t<a href=\"https:\/\/www.globallocal.de\" target=\"_blank\">\n\t\t\t\t\t\t\t<img decoding=\"async\" width=\"768\" height=\"254\" src=\"https:\/\/gemeinde-auf-augenhoehe.de\/wp-content\/uploads\/2024\/07\/Global_Local_with_Tagline_Full_color-768x254.png\" class=\"elementor-animation-grow attachment-medium_large size-medium_large wp-image-3931\" alt=\"\" srcset=\"https:\/\/gemeinde-auf-augenhoehe.de\/wp-content\/uploads\/2024\/07\/Global_Local_with_Tagline_Full_color-768x254.png 768w, https:\/\/gemeinde-auf-augenhoehe.de\/wp-content\/uploads\/2024\/07\/Global_Local_with_Tagline_Full_color-300x99.png 300w, https:\/\/gemeinde-auf-augenhoehe.de\/wp-content\/uploads\/2024\/07\/Global_Local_with_Tagline_Full_color-1024x338.png 1024w, https:\/\/gemeinde-auf-augenhoehe.de\/wp-content\/uploads\/2024\/07\/Global_Local_with_Tagline_Full_color-1536x508.png 1536w, https:\/\/gemeinde-auf-augenhoehe.de\/wp-content\/uploads\/2024\/07\/Global_Local_with_Tagline_Full_color-2048x677.png 2048w, https:\/\/gemeinde-auf-augenhoehe.de\/wp-content\/uploads\/2024\/07\/Global_Local_with_Tagline_Full_color-1320x436.png 1320w\" sizes=\"(max-width: 768px) 100vw, 768px\" \/>\t\t\t\t\t\t\t\t<\/a>\n\t\t\t\t\t\t\t\t\t\t\t\t\t\t\t<\/div>\n\t\t\t\t<\/div>\n\t\t\t\t<div class=\"elementor-element elementor-element-da5c0b8 elementor-widget elementor-widget-text-editor\" data-id=\"da5c0b8\" data-element_type=\"widget\" data-e-type=\"widget\" data-widget_type=\"text-editor.default\">\n\t\t\t\t<div class=\"elementor-widget-container\">\n\t\t\t\t\t\t\t\t\t<p><strong>Global local <\/strong><\/p>\n<p>Programa de 40 d\u00edas * Ideas para los domingos, eventos, grupos e individuos * Podcast, v\u00eddeos, borradores pr\u00e1cticos * Proyecto nacional hasta el 10\/2024 * Encuentro intercultural in situ * Ampliaci\u00f3n sostenible de los horizontes y apertura intercultural.<\/p>\t\t\t\t\t\t\t\t<\/div>\n\t\t\t\t<\/div>\n\t\t\t\t\t<\/div>\n\t\t<\/div>\n\t\t\t\t<div class=\"elementor-column elementor-col-25 elementor-top-column elementor-element elementor-element-8b94cee\" data-id=\"8b94cee\" data-element_type=\"column\" data-e-type=\"column\">\n\t\t\t<div class=\"elementor-widget-wrap elementor-element-populated\">\n\t\t\t\t\t\t<div class=\"elementor-element elementor-element-5b5aa64 animated-fast elementor-invisible elementor-widget elementor-widget-global elementor-global-92 elementor-widget-image\" data-id=\"5b5aa64\" data-element_type=\"widget\" data-e-type=\"widget\" data-settings=\"{&quot;_animation&quot;:&quot;zoomIn&quot;}\" data-widget_type=\"image.default\">\n\t\t\t\t<div class=\"elementor-widget-container\">\n\t\t\t\t\t\t\t\t\t\t\t\t\t\t\t\t<a href=\"https:\/\/himmelsfels.de\/programm\/summer\/\" target=\"_blank\">\n\t\t\t\t\t\t\t<img loading=\"lazy\" decoding=\"async\" width=\"605\" height=\"289\" src=\"https:\/\/gemeinde-auf-augenhoehe.de\/wp-content\/uploads\/2021\/05\/IYSC-Logo.png\" class=\"elementor-animation-grow attachment-large size-large wp-image-50\" alt=\"\" srcset=\"https:\/\/gemeinde-auf-augenhoehe.de\/wp-content\/uploads\/2021\/05\/IYSC-Logo.png 605w, https:\/\/gemeinde-auf-augenhoehe.de\/wp-content\/uploads\/2021\/05\/IYSC-Logo-300x143.png 300w\" sizes=\"(max-width: 605px) 100vw, 605px\" \/>\t\t\t\t\t\t\t\t<\/a>\n\t\t\t\t\t\t\t\t\t\t\t\t\t\t\t<\/div>\n\t\t\t\t<\/div>\n\t\t\t\t<div class=\"elementor-element elementor-element-5d64155 elementor-widget elementor-widget-text-editor\" data-id=\"5d64155\" data-element_type=\"widget\" data-e-type=\"widget\" data-widget_type=\"text-editor.default\">\n\t\t\t\t<div class=\"elementor-widget-container\">\n\t\t\t\t\t\t\t\t\t<p><strong>Internado. Campamento de verano para j\u00f3venes<\/strong><\/p>\n<p>50-100 j\u00f3venes, la mayor\u00eda con or\u00edgenes internacionales * En Himmelsfels, cerca de Kassel * Primera semana de agosto * Unidad y diversidad rezando, cantando y bailando. * Laboratorio para nuevas formas de congregarse * Himmelsg\u00e4rten como \u00abpunto de avanzada\u00bb.<\/p>\n<p> <\/p>\t\t\t\t\t\t\t\t<\/div>\n\t\t\t\t<\/div>\n\t\t\t\t\t<\/div>\n\t\t<\/div>\n\t\t\t\t\t<\/div>\n\t\t<\/section>\n\t\t\t\t<\/div>\n\t\t","protected":false},"excerpt":{"rendered":"<p>Lo tenemos claro: para formar una \u00abComunidad de t\u00fa a t\u00fa\u00bb, necesitamos personas con un coraz\u00f3n ardiente, competentes y valientes. Estamos desarrollando proyectos pr\u00e1cticos para los cuatro proyectos. Inspiraci\u00f3n digital: En el mapa de la motivaci\u00f3n encontrar\u00e1s casi 40 congregaciones dirigidas seg\u00fan criterios interculturales. Estas transmiten una nueva imagen de congregaci\u00f3n mucho m\u00e1s diversa y [&hellip;]<\/p>\n","protected":false},"author":1,"featured_media":0,"parent":0,"menu_order":0,"comment_status":"closed","ping_status":"closed","template":"","meta":{"footnotes":""},"class_list":["post-3475","page","type-page","status-publish","hentry"],"_links":{"self":[{"href":"https:\/\/gemeinde-auf-augenhoehe.de\/es\/wp-json\/wp\/v2\/pages\/3475","targetHints":{"allow":["GET"]}}],"collection":[{"href":"https:\/\/gemeinde-auf-augenhoehe.de\/es\/wp-json\/wp\/v2\/pages"}],"about":[{"href":"https:\/\/gemeinde-auf-augenhoehe.de\/es\/wp-json\/wp\/v2\/types\/page"}],"author":[{"embeddable":true,"href":"https:\/\/gemeinde-auf-augenhoehe.de\/es\/wp-json\/wp\/v2\/users\/1"}],"replies":[{"embeddable":true,"href":"https:\/\/gemeinde-auf-augenhoehe.de\/es\/wp-json\/wp\/v2\/comments?post=3475"}],"version-history":[{"count":1,"href":"https:\/\/gemeinde-auf-augenhoehe.de\/es\/wp-json\/wp\/v2\/pages\/3475\/revisions"}],"predecessor-version":[{"id":3477,"href":"https:\/\/gemeinde-auf-augenhoehe.de\/es\/wp-json\/wp\/v2\/pages\/3475\/revisions\/3477"}],"wp:attachment":[{"href":"https:\/\/gemeinde-auf-augenhoehe.de\/es\/wp-json\/wp\/v2\/media?parent=3475"}],"curies":[{"name":"wp","href":"https:\/\/api.w.org\/{rel}","templated":true}]}}