{"id":3441,"date":"2022-06-09T19:13:00","date_gmt":"2022-06-09T17:13:00","guid":{"rendered":"https:\/\/gemeinde-auf-augenhoehe.de\/descargas\/"},"modified":"2022-06-09T19:13:01","modified_gmt":"2022-06-09T17:13:01","slug":"descargas","status":"publish","type":"page","link":"https:\/\/gemeinde-auf-augenhoehe.de\/es\/comunidad-de-tu-a-tu\/descargas\/","title":{"rendered":"Descargas"},"content":{"rendered":"\t\t<div data-elementor-type=\"wp-page\" data-elementor-id=\"3441\" class=\"elementor elementor-3441\" data-elementor-post-type=\"page\">\n\t\t\t\t\t\t<section class=\"elementor-section elementor-top-section elementor-element elementor-element-5f5a224 elementor-section-boxed elementor-section-height-default elementor-section-height-default\" data-id=\"5f5a224\" data-element_type=\"section\" data-e-type=\"section\">\n\t\t\t\t\t\t<div class=\"elementor-container elementor-column-gap-default\">\n\t\t\t\t\t<div class=\"elementor-column elementor-col-100 elementor-top-column elementor-element elementor-element-67c9270\" data-id=\"67c9270\" data-element_type=\"column\" data-e-type=\"column\">\n\t\t\t<div class=\"elementor-widget-wrap elementor-element-populated\">\n\t\t\t\t\t\t<div class=\"elementor-element elementor-element-c244126 elementor-widget elementor-widget-heading\" data-id=\"c244126\" data-element_type=\"widget\" data-e-type=\"widget\" data-widget_type=\"heading.default\">\n\t\t\t\t<div class=\"elementor-widget-container\">\n\t\t\t\t\t<h2 class=\"elementor-heading-title elementor-size-default\">V\u00eddeo explicativo <\/h2>\t\t\t\t<\/div>\n\t\t\t\t<\/div>\n\t\t\t\t<div class=\"elementor-element elementor-element-b0044d9 elementor-widget elementor-widget-text-editor\" data-id=\"b0044d9\" data-element_type=\"widget\" data-e-type=\"widget\" data-widget_type=\"text-editor.default\">\n\t\t\t\t<div class=\"elementor-widget-container\">\n\t\t\t\t\t\t\t\t\t<p>Si te gustar\u00eda acercar la red a tu c\u00edrculo de conocidos, a tu comunidad, y as\u00ed ayudarnos haciendo de enlace de forma eficaz, te invitamos a descargar el video aqu\u00ed.<\/p>\t\t\t\t\t\t\t\t<\/div>\n\t\t\t\t<\/div>\n\t\t\t\t<div class=\"elementor-element elementor-element-22e79f8 elementor-widget elementor-widget-button\" data-id=\"22e79f8\" data-element_type=\"widget\" data-e-type=\"widget\" data-widget_type=\"button.default\">\n\t\t\t\t<div class=\"elementor-widget-container\">\n\t\t\t\t\t\t\t\t\t<div class=\"elementor-button-wrapper\">\n\t\t\t\t\t<a class=\"elementor-button elementor-button-link elementor-size-sm\" href=\"https:\/\/freshx.sharepoint.com\/:v:\/g\/Deutsches%20Team\/EQIc3wZDRmNOqjwYDFL2sggBnMaSY3zCFHiWbU2OzhhnEw\">\n\t\t\t\t\t\t<span class=\"elementor-button-content-wrapper\">\n\t\t\t\t\t\t\t\t\t<span class=\"elementor-button-text\">Descargar<\/span>\n\t\t\t\t\t<\/span>\n\t\t\t\t\t<\/a>\n\t\t\t\t<\/div>\n\t\t\t\t\t\t\t\t<\/div>\n\t\t\t\t<\/div>\n\t\t\t\t\t<\/div>\n\t\t<\/div>\n\t\t\t\t\t<\/div>\n\t\t<\/section>\n\t\t\t\t<\/div>\n\t\t","protected":false},"excerpt":{"rendered":"<p>V\u00eddeo explicativo Si te gustar\u00eda acercar la red a tu c\u00edrculo de conocidos, a tu comunidad, y as\u00ed ayudarnos haciendo de enlace de forma eficaz, te invitamos a descargar el video aqu\u00ed. Descargar<\/p>\n","protected":false},"author":1,"featured_media":0,"parent":3478,"menu_order":8,"comment_status":"closed","ping_status":"closed","template":"","meta":{"footnotes":""},"class_list":["post-3441","page","type-page","status-publish","hentry"],"_links":{"self":[{"href":"https:\/\/gemeinde-auf-augenhoehe.de\/es\/wp-json\/wp\/v2\/pages\/3441","targetHints":{"allow":["GET"]}}],"collection":[{"href":"https:\/\/gemeinde-auf-augenhoehe.de\/es\/wp-json\/wp\/v2\/pages"}],"about":[{"href":"https:\/\/gemeinde-auf-augenhoehe.de\/es\/wp-json\/wp\/v2\/types\/page"}],"author":[{"embeddable":true,"href":"https:\/\/gemeinde-auf-augenhoehe.de\/es\/wp-json\/wp\/v2\/users\/1"}],"replies":[{"embeddable":true,"href":"https:\/\/gemeinde-auf-augenhoehe.de\/es\/wp-json\/wp\/v2\/comments?post=3441"}],"version-history":[{"count":3,"href":"https:\/\/gemeinde-auf-augenhoehe.de\/es\/wp-json\/wp\/v2\/pages\/3441\/revisions"}],"predecessor-version":[{"id":3445,"href":"https:\/\/gemeinde-auf-augenhoehe.de\/es\/wp-json\/wp\/v2\/pages\/3441\/revisions\/3445"}],"up":[{"embeddable":true,"href":"https:\/\/gemeinde-auf-augenhoehe.de\/es\/wp-json\/wp\/v2\/pages\/3478"}],"wp:attachment":[{"href":"https:\/\/gemeinde-auf-augenhoehe.de\/es\/wp-json\/wp\/v2\/media?parent=3441"}],"curies":[{"name":"wp","href":"https:\/\/api.w.org\/{rel}","templated":true}]}}