{"id":2845,"date":"2022-03-04T17:03:00","date_gmt":"2022-03-04T16:03:00","guid":{"rendered":"https:\/\/gemeinde-auf-augenhoehe.de\/imprint\/"},"modified":"2022-03-07T12:15:33","modified_gmt":"2022-03-07T11:15:33","slug":"imprint","status":"publish","type":"page","link":"https:\/\/gemeinde-auf-augenhoehe.de\/en\/imprint\/","title":{"rendered":"Imprint"},"content":{"rendered":"\n<p><strong>Publisher<\/strong><\/p>\n\n<figure class=\"wp-block-image size-full is-resized\"><img decoding=\"async\" src=\"https:\/\/gemeinde-auf-augenhoehe.de\/wp-content\/uploads\/2021\/06\/ejw-scaled.jpg\" alt=\"https:\/\/globallocal.de\/wp-content\/uploads\/2021\/04\/ejw_4c_schwarz-300x94.jpg\" class=\"wp-image-370\" width=\"214\" height=\"67\" srcset=\"https:\/\/gemeinde-auf-augenhoehe.de\/wp-content\/uploads\/2021\/06\/ejw-scaled.jpg 2560w, https:\/\/gemeinde-auf-augenhoehe.de\/wp-content\/uploads\/2021\/06\/ejw-300x95.jpg 300w, https:\/\/gemeinde-auf-augenhoehe.de\/wp-content\/uploads\/2021\/06\/ejw-1024x325.jpg 1024w, https:\/\/gemeinde-auf-augenhoehe.de\/wp-content\/uploads\/2021\/06\/ejw-768x244.jpg 768w, https:\/\/gemeinde-auf-augenhoehe.de\/wp-content\/uploads\/2021\/06\/ejw-1536x487.jpg 1536w, https:\/\/gemeinde-auf-augenhoehe.de\/wp-content\/uploads\/2021\/06\/ejw-2048x650.jpg 2048w\" sizes=\"(max-width: 214px) 100vw, 214px\" \/><\/figure>\n<p>Evangelisches Jugendwerk in W\u00fcrttemberg<br\/>Haeberlinstra\u00dfe 1-3<br\/>70563 Stuttgart | Germany<\/p>\n\n<p>Telephone: +49 711\/97 81-0<br\/>Fax: +49 711\/97 81-30<br\/>E-Mail: <a href=\"mailto:info@ejwue.de\">info@ejwue.de<\/a><br\/>Internet: <a href=\"http:\/\/www.ejwue.de\/\" target=\"_blank\" rel=\"noreferrer noopener\">http:\/\/www.ejwue.de<\/a><\/p>\n\n<p><strong>Donation account<\/strong><\/p>\n\n<p>Evangelisches Jugendwerk W\u00fcrttemberg<br\/>Evangelische Bank eG<br\/>IBAN: DE425 206 041 00000 405 485<br\/>BIC\/SWIFT: GENODEF1EK1<br\/>Cost centre 84241 Gemeinde auf Augenh\u00f6he<\/p>\n\n<p><strong>Owner<\/strong><\/p>\n\n<p>Evangelisches Jugendwerk in W\u00fcrttemberg is a legally dependent institution of the Evangelical Regional Church in W\u00fcrttemberg, a public corporation.<\/p>\n\n<p>Tax number EJW: 99153\/00033<\/p>\n\n<p>USt-IdNr. EJW: DE147793714<\/p>\n\n<p>Managing director authorised to represent the company:<br\/>Friedemann Berner<\/p>\n\n<p>Responsible for the content on gemeinde-auf-augenhoehe.de (in the sense of press law)<\/p>\n\n<p>Reinhold Krebs <br\/>T. +49 711\/9781-275<br\/>M. <a href=\"mailto:reinhold.krebs@ejwue.de\">reinhold.krebs@ejwue.de<\/a><\/p>\n\n<p>Homepage design &amp; implementation: <a href=\"https:\/\/www.rolfkrueger.net\" data-type=\"URL\" data-id=\"https:\/\/www.rolfkrueger.net\" target=\"_blank\" rel=\"noreferrer noopener\">Rolf Kr\u00fcger<\/a><br\/>Logo design: <a href=\"https:\/\/visualwerk.com\" data-type=\"URL\" data-id=\"https:\/\/visualwerk.com\" target=\"_blank\" rel=\"noreferrer noopener\">Heidi Frank<\/a><\/p>\n","protected":false},"excerpt":{"rendered":"<p>Publisher Evangelisches Jugendwerk in W\u00fcrttembergHaeberlinstra\u00dfe 1-370563 Stuttgart | Germany Telephone: +49 711\/97 81-0Fax: +49 711\/97 81-30E-Mail: info@ejwue.deInternet: http:\/\/www.ejwue.de Donation account Evangelisches Jugendwerk W\u00fcrttembergEvangelische Bank eGIBAN: DE425 206 041 00000 405 485BIC\/SWIFT: GENODEF1EK1Cost centre 84241 Gemeinde auf Augenh\u00f6he Owner Evangelisches Jugendwerk in W\u00fcrttemberg is a legally dependent institution of the Evangelical Regional Church in W\u00fcrttemberg, a [&hellip;]<\/p>\n","protected":false},"author":1,"featured_media":0,"parent":0,"menu_order":0,"comment_status":"closed","ping_status":"closed","template":"","meta":{"footnotes":""},"class_list":["post-2845","page","type-page","status-publish","hentry"],"_links":{"self":[{"href":"https:\/\/gemeinde-auf-augenhoehe.de\/en\/wp-json\/wp\/v2\/pages\/2845","targetHints":{"allow":["GET"]}}],"collection":[{"href":"https:\/\/gemeinde-auf-augenhoehe.de\/en\/wp-json\/wp\/v2\/pages"}],"about":[{"href":"https:\/\/gemeinde-auf-augenhoehe.de\/en\/wp-json\/wp\/v2\/types\/page"}],"author":[{"embeddable":true,"href":"https:\/\/gemeinde-auf-augenhoehe.de\/en\/wp-json\/wp\/v2\/users\/1"}],"replies":[{"embeddable":true,"href":"https:\/\/gemeinde-auf-augenhoehe.de\/en\/wp-json\/wp\/v2\/comments?post=2845"}],"version-history":[{"count":10,"href":"https:\/\/gemeinde-auf-augenhoehe.de\/en\/wp-json\/wp\/v2\/pages\/2845\/revisions"}],"predecessor-version":[{"id":2873,"href":"https:\/\/gemeinde-auf-augenhoehe.de\/en\/wp-json\/wp\/v2\/pages\/2845\/revisions\/2873"}],"wp:attachment":[{"href":"https:\/\/gemeinde-auf-augenhoehe.de\/en\/wp-json\/wp\/v2\/media?parent=2845"}],"curies":[{"name":"wp","href":"https:\/\/api.w.org\/{rel}","templated":true}]}}